{"id":3943,"date":"2024-04-16T13:10:53","date_gmt":"2024-04-16T12:10:53","guid":{"rendered":"https:\/\/diakonie-shg.de\/leistungen\/pflege-und-gesundheit\/ambulante-pflege\/"},"modified":"2025-04-10T12:10:59","modified_gmt":"2025-04-10T11:10:59","slug":"ambulante-pflege","status":"publish","type":"page","link":"https:\/\/diakonie-shg.de\/de-de\/leistungen\/pflege-und-gesundheit\/ambulante-pflege\/","title":{"rendered":"Ambulante Pflege"},"content":{"rendered":"\n<p>Ambulante Pflege bedeutet, dass Pflegekr\u00e4fte zu den Menschen nach Hause kommen, um sie dort zu unterst\u00fctzen. Das kann medizinische Hilfe sein, Unterst\u00fctzung im Alltag oder Begleitung im sozialen Leben.<\/p>\n\n\n\n<p>Besonders f\u00fcr \u00e4ltere Menschen, die immer selbstst\u00e4ndig waren, ist es oft schwer zu akzeptieren, dass sie nun Hilfe brauchen \u2013 zum Beispiel wegen ihres Alters oder einer Krankheit.<\/p>\n\n\n\n<p>Wir bieten unsere Pflege mit Respekt, Wertsch\u00e4tzung und Herzlichkeit an und folgen dabei einem christlichen Ansatz.<\/p>\n","protected":false},"excerpt":{"rendered":"<p>Ambulante Pflege bedeutet, dass Pflegekr\u00e4fte zu den Menschen nach Hause kommen, um sie dort zu unterst\u00fctzen. Das kann medizinische Hilfe sein, Unterst\u00fctzung im Alltag oder Begleitung im sozialen Leben. Besonders f\u00fcr \u00e4ltere Menschen, die immer selbstst\u00e4ndig waren, ist es oft schwer zu akzeptieren, dass sie nun Hilfe brauchen \u2013 zum Beispiel wegen ihres Alters oder [&hellip;]<\/p>\n","protected":false},"author":1,"featured_media":0,"parent":1477,"menu_order":0,"comment_status":"closed","ping_status":"closed","template":"","meta":{"give_campaign_id":0,"inline_featured_image":false,"footnotes":""},"class_list":["post-3943","page","type-page","status-publish","hentry"],"yoast_head":"<!-- This site is optimized with the Yoast SEO plugin v27.4 - https:\/\/yoast.com\/product\/yoast-seo-wordpress\/ -->\n<title>Ambulante Pflege - Diakonie Schaumburger Land gGmbH<\/title>\n<meta name=\"robots\" content=\"index, follow, max-snippet:-1, max-image-preview:large, max-video-preview:-1\" \/>\n<link rel=\"canonical\" href=\"https:\/\/diakonie-shg.de\/de-de\/leistungen\/pflege-und-gesundheit\/ambulante-pflege\/\" \/>\n<meta property=\"og:locale\" content=\"de_DE\" \/>\n<meta property=\"og:type\" content=\"article\" \/>\n<meta property=\"og:title\" content=\"Ambulante Pflege - Diakonie Schaumburger Land gGmbH\" \/>\n<meta property=\"og:description\" content=\"Ambulante Pflege bedeutet, dass Pflegekr\u00e4fte zu den Menschen nach Hause kommen, um sie dort zu unterst\u00fctzen. Das kann medizinische Hilfe sein, Unterst\u00fctzung im Alltag oder Begleitung im sozialen Leben. Besonders f\u00fcr \u00e4ltere Menschen, die immer selbstst\u00e4ndig waren, ist es oft schwer zu akzeptieren, dass sie nun Hilfe brauchen \u2013 zum Beispiel wegen ihres Alters oder [&hellip;]\" \/>\n<meta property=\"og:url\" content=\"https:\/\/diakonie-shg.de\/de-de\/leistungen\/pflege-und-gesundheit\/ambulante-pflege\/\" \/>\n<meta property=\"og:site_name\" content=\"Diakonie Schaumburger Land gGmbH\" \/>\n<meta property=\"article:modified_time\" content=\"2025-04-10T11:10:59+00:00\" \/>\n<meta name=\"twitter:card\" content=\"summary_large_image\" \/>\n<meta name=\"twitter:label1\" content=\"Est. reading time\" \/>\n\t<meta name=\"twitter:data1\" content=\"4 minutes\" \/>\n<script type=\"application\/ld+json\" class=\"yoast-schema-graph\">{\"@context\":\"https:\\\/\\\/schema.org\",\"@graph\":[{\"@type\":\"WebPage\",\"@id\":\"https:\\\/\\\/diakonie-shg.de\\\/de-de\\\/leistungen\\\/pflege-und-gesundheit\\\/ambulante-pflege\\\/\",\"url\":\"https:\\\/\\\/diakonie-shg.de\\\/de-de\\\/leistungen\\\/pflege-und-gesundheit\\\/ambulante-pflege\\\/\",\"name\":\"Ambulante Pflege - Diakonie Schaumburger Land gGmbH\",\"isPartOf\":{\"@id\":\"https:\\\/\\\/diakonie-shg.de\\\/de-de\\\/#website\"},\"datePublished\":\"2024-04-16T12:10:53+00:00\",\"dateModified\":\"2025-04-10T11:10:59+00:00\",\"breadcrumb\":{\"@id\":\"https:\\\/\\\/diakonie-shg.de\\\/de-de\\\/leistungen\\\/pflege-und-gesundheit\\\/ambulante-pflege\\\/#breadcrumb\"},\"inLanguage\":\"de-LE\",\"potentialAction\":[{\"@type\":\"ReadAction\",\"target\":[\"https:\\\/\\\/diakonie-shg.de\\\/de-de\\\/leistungen\\\/pflege-und-gesundheit\\\/ambulante-pflege\\\/\"]}]},{\"@type\":\"BreadcrumbList\",\"@id\":\"https:\\\/\\\/diakonie-shg.de\\\/de-de\\\/leistungen\\\/pflege-und-gesundheit\\\/ambulante-pflege\\\/#breadcrumb\",\"itemListElement\":[{\"@type\":\"ListItem\",\"position\":1,\"name\":\"Startseite\",\"item\":\"https:\\\/\\\/diakonie-shg.de\\\/de-de\\\/\"},{\"@type\":\"ListItem\",\"position\":2,\"name\":\"Leistungen\",\"item\":\"https:\\\/\\\/diakonie-shg.de\\\/de-de\\\/leistungen\\\/\"},{\"@type\":\"ListItem\",\"position\":3,\"name\":\"Pflege und Gesundheit\",\"item\":\"https:\\\/\\\/diakonie-shg.de\\\/de-de\\\/leistungen\\\/pflege-und-gesundheit\\\/\"},{\"@type\":\"ListItem\",\"position\":4,\"name\":\"Ambulante Pflege\"}]},{\"@type\":\"WebSite\",\"@id\":\"https:\\\/\\\/diakonie-shg.de\\\/de-de\\\/#website\",\"url\":\"https:\\\/\\\/diakonie-shg.de\\\/de-de\\\/\",\"name\":\"Diakonie Schaumburger Land gGmbH\",\"description\":\"Zusammenschluss von vier diakonischen Schaumburger Pflegeeinrichtungen\",\"publisher\":{\"@id\":\"https:\\\/\\\/diakonie-shg.de\\\/de-de\\\/#organization\"},\"potentialAction\":[{\"@type\":\"SearchAction\",\"target\":{\"@type\":\"EntryPoint\",\"urlTemplate\":\"https:\\\/\\\/diakonie-shg.de\\\/de-de\\\/?s={search_term_string}\"},\"query-input\":{\"@type\":\"PropertyValueSpecification\",\"valueRequired\":true,\"valueName\":\"search_term_string\"}}],\"inLanguage\":\"de-LE\"},{\"@type\":\"Organization\",\"@id\":\"https:\\\/\\\/diakonie-shg.de\\\/de-de\\\/#organization\",\"name\":\"Diakonie Schaumburger Land gGmbH\",\"url\":\"https:\\\/\\\/diakonie-shg.de\\\/de-de\\\/\",\"logo\":{\"@type\":\"ImageObject\",\"inLanguage\":\"de-LE\",\"@id\":\"https:\\\/\\\/diakonie-shg.de\\\/de-de\\\/#\\\/schema\\\/logo\\\/image\\\/\",\"url\":\"https:\\\/\\\/diakonie-shg.de\\\/wp-content\\\/uploads\\\/2024\\\/09\\\/20230105_Logo_Holding.svg\",\"contentUrl\":\"https:\\\/\\\/diakonie-shg.de\\\/wp-content\\\/uploads\\\/2024\\\/09\\\/20230105_Logo_Holding.svg\",\"width\":\"1024\",\"height\":\"1024\",\"caption\":\"Diakonie Schaumburger Land gGmbH\"},\"image\":{\"@id\":\"https:\\\/\\\/diakonie-shg.de\\\/de-de\\\/#\\\/schema\\\/logo\\\/image\\\/\"}}]}<\/script>\n<!-- \/ Yoast SEO plugin. -->","yoast_head_json":{"title":"Ambulante Pflege - Diakonie Schaumburger Land gGmbH","robots":{"index":"index","follow":"follow","max-snippet":"max-snippet:-1","max-image-preview":"max-image-preview:large","max-video-preview":"max-video-preview:-1"},"canonical":"https:\/\/diakonie-shg.de\/de-de\/leistungen\/pflege-und-gesundheit\/ambulante-pflege\/","og_locale":"de_DE","og_type":"article","og_title":"Ambulante Pflege - Diakonie Schaumburger Land gGmbH","og_description":"Ambulante Pflege bedeutet, dass Pflegekr\u00e4fte zu den Menschen nach Hause kommen, um sie dort zu unterst\u00fctzen. Das kann medizinische Hilfe sein, Unterst\u00fctzung im Alltag oder Begleitung im sozialen Leben. Besonders f\u00fcr \u00e4ltere Menschen, die immer selbstst\u00e4ndig waren, ist es oft schwer zu akzeptieren, dass sie nun Hilfe brauchen \u2013 zum Beispiel wegen ihres Alters oder [&hellip;]","og_url":"https:\/\/diakonie-shg.de\/de-de\/leistungen\/pflege-und-gesundheit\/ambulante-pflege\/","og_site_name":"Diakonie Schaumburger Land gGmbH","article_modified_time":"2025-04-10T11:10:59+00:00","twitter_card":"summary_large_image","twitter_misc":{"Est. reading time":"4 minutes"},"schema":{"@context":"https:\/\/schema.org","@graph":[{"@type":"WebPage","@id":"https:\/\/diakonie-shg.de\/de-de\/leistungen\/pflege-und-gesundheit\/ambulante-pflege\/","url":"https:\/\/diakonie-shg.de\/de-de\/leistungen\/pflege-und-gesundheit\/ambulante-pflege\/","name":"Ambulante Pflege - Diakonie Schaumburger Land gGmbH","isPartOf":{"@id":"https:\/\/diakonie-shg.de\/de-de\/#website"},"datePublished":"2024-04-16T12:10:53+00:00","dateModified":"2025-04-10T11:10:59+00:00","breadcrumb":{"@id":"https:\/\/diakonie-shg.de\/de-de\/leistungen\/pflege-und-gesundheit\/ambulante-pflege\/#breadcrumb"},"inLanguage":"de-LE","potentialAction":[{"@type":"ReadAction","target":["https:\/\/diakonie-shg.de\/de-de\/leistungen\/pflege-und-gesundheit\/ambulante-pflege\/"]}]},{"@type":"BreadcrumbList","@id":"https:\/\/diakonie-shg.de\/de-de\/leistungen\/pflege-und-gesundheit\/ambulante-pflege\/#breadcrumb","itemListElement":[{"@type":"ListItem","position":1,"name":"Startseite","item":"https:\/\/diakonie-shg.de\/de-de\/"},{"@type":"ListItem","position":2,"name":"Leistungen","item":"https:\/\/diakonie-shg.de\/de-de\/leistungen\/"},{"@type":"ListItem","position":3,"name":"Pflege und Gesundheit","item":"https:\/\/diakonie-shg.de\/de-de\/leistungen\/pflege-und-gesundheit\/"},{"@type":"ListItem","position":4,"name":"Ambulante Pflege"}]},{"@type":"WebSite","@id":"https:\/\/diakonie-shg.de\/de-de\/#website","url":"https:\/\/diakonie-shg.de\/de-de\/","name":"Diakonie Schaumburger Land gGmbH","description":"Zusammenschluss von vier diakonischen Schaumburger Pflegeeinrichtungen","publisher":{"@id":"https:\/\/diakonie-shg.de\/de-de\/#organization"},"potentialAction":[{"@type":"SearchAction","target":{"@type":"EntryPoint","urlTemplate":"https:\/\/diakonie-shg.de\/de-de\/?s={search_term_string}"},"query-input":{"@type":"PropertyValueSpecification","valueRequired":true,"valueName":"search_term_string"}}],"inLanguage":"de-LE"},{"@type":"Organization","@id":"https:\/\/diakonie-shg.de\/de-de\/#organization","name":"Diakonie Schaumburger Land gGmbH","url":"https:\/\/diakonie-shg.de\/de-de\/","logo":{"@type":"ImageObject","inLanguage":"de-LE","@id":"https:\/\/diakonie-shg.de\/de-de\/#\/schema\/logo\/image\/","url":"https:\/\/diakonie-shg.de\/wp-content\/uploads\/2024\/09\/20230105_Logo_Holding.svg","contentUrl":"https:\/\/diakonie-shg.de\/wp-content\/uploads\/2024\/09\/20230105_Logo_Holding.svg","width":"1024","height":"1024","caption":"Diakonie Schaumburger Land gGmbH"},"image":{"@id":"https:\/\/diakonie-shg.de\/de-de\/#\/schema\/logo\/image\/"}}]}},"campaignId":"","_links":{"self":[{"href":"https:\/\/diakonie-shg.de\/de-de\/wp-json\/wp\/v2\/pages\/3943","targetHints":{"allow":["GET"]}}],"collection":[{"href":"https:\/\/diakonie-shg.de\/de-de\/wp-json\/wp\/v2\/pages"}],"about":[{"href":"https:\/\/diakonie-shg.de\/de-de\/wp-json\/wp\/v2\/types\/page"}],"author":[{"embeddable":true,"href":"https:\/\/diakonie-shg.de\/de-de\/wp-json\/wp\/v2\/users\/1"}],"replies":[{"embeddable":true,"href":"https:\/\/diakonie-shg.de\/de-de\/wp-json\/wp\/v2\/comments?post=3943"}],"version-history":[{"count":5,"href":"https:\/\/diakonie-shg.de\/de-de\/wp-json\/wp\/v2\/pages\/3943\/revisions"}],"predecessor-version":[{"id":5343,"href":"https:\/\/diakonie-shg.de\/de-de\/wp-json\/wp\/v2\/pages\/3943\/revisions\/5343"}],"up":[{"embeddable":true,"href":"https:\/\/diakonie-shg.de\/de-de\/wp-json\/wp\/v2\/pages\/1477"}],"wp:attachment":[{"href":"https:\/\/diakonie-shg.de\/de-de\/wp-json\/wp\/v2\/media?parent=3943"}],"curies":[{"name":"wp","href":"https:\/\/api.w.org\/{rel}","templated":true}]}}