{"id":3940,"date":"2024-08-23T06:32:22","date_gmt":"2024-08-23T05:32:22","guid":{"rendered":"https:\/\/diakonie-shg.de\/home\/"},"modified":"2025-04-10T10:29:30","modified_gmt":"2025-04-10T09:29:30","slug":"home","status":"publish","type":"page","link":"https:\/\/diakonie-shg.de\/de-de\/","title":{"rendered":"Home"},"content":{"rendered":"\n<p>Wenn Menschen noch geistig fit sind, aber k\u00f6rperlich nicht mehr, k\u00f6nnen sie oft nicht mehr sicher zuhause leben. Es kann aber auch umgekehrt sein: Wenn Menschen k\u00f6rperlich fit sind, haben sie manchmal eine Demenz oder andere psychische Erkrankungen. Dann ist es ebenfalls besser, \u00fcber die Zukunft bei der Diakonie Schaumburger Land nachzudenken.<\/p>\n\n\n\n<p>Denn es ist m\u00f6glich, dass man durch bestimmte Hilfen wieder selbstbestimmter im Alltag wird.<br>Dabei ist es wichtig, dass die L\u00f6sungen immer mit dem Menschen mitgehen: Wenn sich der Mensch ver\u00e4ndert, soll auch die L\u00f6sung sich ver\u00e4ndern. So soll es immer die beste L\u00f6sung sein.<\/p>\n\n\n\n<p>Vom Wohn-Heim bis zur Tages-Pflege: Die Diakonie Schaumburger Land hat f\u00fcr alle Lebens-Lagen im Alter das richtige Angebot.<\/p>\n\n\n\n<p>Willkommen auf unserer Internet-Seite. Schauen Sie sich gerne um. Wenn Sie Fragen haben, melden Sie sich.<\/p>\n\n\n\n<p><\/p>\n\n\n\n<p><\/p>\n","protected":false},"excerpt":{"rendered":"<p>Wenn Menschen noch geistig fit sind, aber k\u00f6rperlich nicht mehr, k\u00f6nnen sie oft nicht mehr sicher zuhause leben. Es kann aber auch umgekehrt sein: Wenn Menschen k\u00f6rperlich fit sind, haben sie manchmal eine Demenz oder andere psychische Erkrankungen. Dann ist es ebenfalls besser, \u00fcber die Zukunft bei der Diakonie Schaumburger Land nachzudenken. Denn es ist [&hellip;]<\/p>\n","protected":false},"author":1,"featured_media":0,"parent":0,"menu_order":0,"comment_status":"closed","ping_status":"closed","template":"","meta":{"give_campaign_id":0,"inline_featured_image":false,"footnotes":""},"class_list":["post-3940","page","type-page","status-publish","hentry"],"yoast_head":"<!-- This site is optimized with the Yoast SEO plugin v27.4 - https:\/\/yoast.com\/product\/yoast-seo-wordpress\/ -->\n<title>Home - Diakonie Schaumburger Land gGmbH<\/title>\n<meta name=\"robots\" content=\"index, follow, max-snippet:-1, max-image-preview:large, max-video-preview:-1\" \/>\n<link rel=\"canonical\" href=\"https:\/\/diakonie-shg.de\/de-de\/\" \/>\n<meta property=\"og:locale\" content=\"de_DE\" \/>\n<meta property=\"og:type\" content=\"article\" \/>\n<meta property=\"og:title\" content=\"Home - Diakonie Schaumburger Land gGmbH\" \/>\n<meta property=\"og:description\" content=\"Wenn Menschen noch geistig fit sind, aber k\u00f6rperlich nicht mehr, k\u00f6nnen sie oft nicht mehr sicher zuhause leben. Es kann aber auch umgekehrt sein: Wenn Menschen k\u00f6rperlich fit sind, haben sie manchmal eine Demenz oder andere psychische Erkrankungen. Dann ist es ebenfalls besser, \u00fcber die Zukunft bei der Diakonie Schaumburger Land nachzudenken. Denn es ist [&hellip;]\" \/>\n<meta property=\"og:url\" content=\"https:\/\/diakonie-shg.de\/de-de\/\" \/>\n<meta property=\"og:site_name\" content=\"Diakonie Schaumburger Land gGmbH\" \/>\n<meta property=\"article:modified_time\" content=\"2025-04-10T09:29:30+00:00\" \/>\n<meta name=\"twitter:card\" content=\"summary_large_image\" \/>\n<meta name=\"twitter:label1\" content=\"Est. reading time\" \/>\n\t<meta name=\"twitter:data1\" content=\"3 minutes\" \/>\n<script type=\"application\/ld+json\" class=\"yoast-schema-graph\">{\"@context\":\"https:\\\/\\\/schema.org\",\"@graph\":[{\"@type\":\"WebPage\",\"@id\":\"https:\\\/\\\/diakonie-shg.de\\\/de-de\\\/\",\"url\":\"https:\\\/\\\/diakonie-shg.de\\\/de-de\\\/\",\"name\":\"Home - Diakonie Schaumburger Land gGmbH\",\"isPartOf\":{\"@id\":\"https:\\\/\\\/diakonie-shg.de\\\/de-de\\\/#website\"},\"datePublished\":\"2024-08-23T05:32:22+00:00\",\"dateModified\":\"2025-04-10T09:29:30+00:00\",\"breadcrumb\":{\"@id\":\"https:\\\/\\\/diakonie-shg.de\\\/de-de\\\/#breadcrumb\"},\"inLanguage\":\"de-LE\",\"potentialAction\":[{\"@type\":\"ReadAction\",\"target\":[\"https:\\\/\\\/diakonie-shg.de\\\/de-de\\\/\"]}]},{\"@type\":\"BreadcrumbList\",\"@id\":\"https:\\\/\\\/diakonie-shg.de\\\/de-de\\\/#breadcrumb\",\"itemListElement\":[{\"@type\":\"ListItem\",\"position\":1,\"name\":\"Startseite\",\"item\":\"https:\\\/\\\/diakonie-shg.de\\\/de-de\\\/\"},{\"@type\":\"ListItem\",\"position\":2,\"name\":\"Home\"}]},{\"@type\":\"WebSite\",\"@id\":\"https:\\\/\\\/diakonie-shg.de\\\/de-de\\\/#website\",\"url\":\"https:\\\/\\\/diakonie-shg.de\\\/de-de\\\/\",\"name\":\"Diakonie Schaumburger Land gGmbH\",\"description\":\"Zusammenschluss von vier diakonischen Schaumburger Pflegeeinrichtungen\",\"publisher\":{\"@id\":\"https:\\\/\\\/diakonie-shg.de\\\/de-de\\\/#organization\"},\"potentialAction\":[{\"@type\":\"SearchAction\",\"target\":{\"@type\":\"EntryPoint\",\"urlTemplate\":\"https:\\\/\\\/diakonie-shg.de\\\/de-de\\\/?s={search_term_string}\"},\"query-input\":{\"@type\":\"PropertyValueSpecification\",\"valueRequired\":true,\"valueName\":\"search_term_string\"}}],\"inLanguage\":\"de-LE\"},{\"@type\":\"Organization\",\"@id\":\"https:\\\/\\\/diakonie-shg.de\\\/de-de\\\/#organization\",\"name\":\"Diakonie Schaumburger Land gGmbH\",\"url\":\"https:\\\/\\\/diakonie-shg.de\\\/de-de\\\/\",\"logo\":{\"@type\":\"ImageObject\",\"inLanguage\":\"de-LE\",\"@id\":\"https:\\\/\\\/diakonie-shg.de\\\/de-de\\\/#\\\/schema\\\/logo\\\/image\\\/\",\"url\":\"https:\\\/\\\/diakonie-shg.de\\\/wp-content\\\/uploads\\\/2024\\\/09\\\/20230105_Logo_Holding.svg\",\"contentUrl\":\"https:\\\/\\\/diakonie-shg.de\\\/wp-content\\\/uploads\\\/2024\\\/09\\\/20230105_Logo_Holding.svg\",\"width\":\"1024\",\"height\":\"1024\",\"caption\":\"Diakonie Schaumburger Land gGmbH\"},\"image\":{\"@id\":\"https:\\\/\\\/diakonie-shg.de\\\/de-de\\\/#\\\/schema\\\/logo\\\/image\\\/\"}}]}<\/script>\n<!-- \/ Yoast SEO plugin. -->","yoast_head_json":{"title":"Home - Diakonie Schaumburger Land gGmbH","robots":{"index":"index","follow":"follow","max-snippet":"max-snippet:-1","max-image-preview":"max-image-preview:large","max-video-preview":"max-video-preview:-1"},"canonical":"https:\/\/diakonie-shg.de\/de-de\/","og_locale":"de_DE","og_type":"article","og_title":"Home - Diakonie Schaumburger Land gGmbH","og_description":"Wenn Menschen noch geistig fit sind, aber k\u00f6rperlich nicht mehr, k\u00f6nnen sie oft nicht mehr sicher zuhause leben. Es kann aber auch umgekehrt sein: Wenn Menschen k\u00f6rperlich fit sind, haben sie manchmal eine Demenz oder andere psychische Erkrankungen. Dann ist es ebenfalls besser, \u00fcber die Zukunft bei der Diakonie Schaumburger Land nachzudenken. Denn es ist [&hellip;]","og_url":"https:\/\/diakonie-shg.de\/de-de\/","og_site_name":"Diakonie Schaumburger Land gGmbH","article_modified_time":"2025-04-10T09:29:30+00:00","twitter_card":"summary_large_image","twitter_misc":{"Est. reading time":"3 minutes"},"schema":{"@context":"https:\/\/schema.org","@graph":[{"@type":"WebPage","@id":"https:\/\/diakonie-shg.de\/de-de\/","url":"https:\/\/diakonie-shg.de\/de-de\/","name":"Home - Diakonie Schaumburger Land gGmbH","isPartOf":{"@id":"https:\/\/diakonie-shg.de\/de-de\/#website"},"datePublished":"2024-08-23T05:32:22+00:00","dateModified":"2025-04-10T09:29:30+00:00","breadcrumb":{"@id":"https:\/\/diakonie-shg.de\/de-de\/#breadcrumb"},"inLanguage":"de-LE","potentialAction":[{"@type":"ReadAction","target":["https:\/\/diakonie-shg.de\/de-de\/"]}]},{"@type":"BreadcrumbList","@id":"https:\/\/diakonie-shg.de\/de-de\/#breadcrumb","itemListElement":[{"@type":"ListItem","position":1,"name":"Startseite","item":"https:\/\/diakonie-shg.de\/de-de\/"},{"@type":"ListItem","position":2,"name":"Home"}]},{"@type":"WebSite","@id":"https:\/\/diakonie-shg.de\/de-de\/#website","url":"https:\/\/diakonie-shg.de\/de-de\/","name":"Diakonie Schaumburger Land gGmbH","description":"Zusammenschluss von vier diakonischen Schaumburger Pflegeeinrichtungen","publisher":{"@id":"https:\/\/diakonie-shg.de\/de-de\/#organization"},"potentialAction":[{"@type":"SearchAction","target":{"@type":"EntryPoint","urlTemplate":"https:\/\/diakonie-shg.de\/de-de\/?s={search_term_string}"},"query-input":{"@type":"PropertyValueSpecification","valueRequired":true,"valueName":"search_term_string"}}],"inLanguage":"de-LE"},{"@type":"Organization","@id":"https:\/\/diakonie-shg.de\/de-de\/#organization","name":"Diakonie Schaumburger Land gGmbH","url":"https:\/\/diakonie-shg.de\/de-de\/","logo":{"@type":"ImageObject","inLanguage":"de-LE","@id":"https:\/\/diakonie-shg.de\/de-de\/#\/schema\/logo\/image\/","url":"https:\/\/diakonie-shg.de\/wp-content\/uploads\/2024\/09\/20230105_Logo_Holding.svg","contentUrl":"https:\/\/diakonie-shg.de\/wp-content\/uploads\/2024\/09\/20230105_Logo_Holding.svg","width":"1024","height":"1024","caption":"Diakonie Schaumburger Land gGmbH"},"image":{"@id":"https:\/\/diakonie-shg.de\/de-de\/#\/schema\/logo\/image\/"}}]}},"campaignId":"","_links":{"self":[{"href":"https:\/\/diakonie-shg.de\/de-de\/wp-json\/wp\/v2\/pages\/3940","targetHints":{"allow":["GET"]}}],"collection":[{"href":"https:\/\/diakonie-shg.de\/de-de\/wp-json\/wp\/v2\/pages"}],"about":[{"href":"https:\/\/diakonie-shg.de\/de-de\/wp-json\/wp\/v2\/types\/page"}],"author":[{"embeddable":true,"href":"https:\/\/diakonie-shg.de\/de-de\/wp-json\/wp\/v2\/users\/1"}],"replies":[{"embeddable":true,"href":"https:\/\/diakonie-shg.de\/de-de\/wp-json\/wp\/v2\/comments?post=3940"}],"version-history":[{"count":5,"href":"https:\/\/diakonie-shg.de\/de-de\/wp-json\/wp\/v2\/pages\/3940\/revisions"}],"predecessor-version":[{"id":5325,"href":"https:\/\/diakonie-shg.de\/de-de\/wp-json\/wp\/v2\/pages\/3940\/revisions\/5325"}],"wp:attachment":[{"href":"https:\/\/diakonie-shg.de\/de-de\/wp-json\/wp\/v2\/media?parent=3940"}],"curies":[{"name":"wp","href":"https:\/\/api.w.org\/{rel}","templated":true}]}}