{"id":1522,"date":"2024-04-16T13:28:19","date_gmt":"2024-04-16T12:28:19","guid":{"rendered":"https:\/\/diakonie-shg.de\/ueber-uns\/selbstverstaendnis\/grundsaetze\/"},"modified":"2025-04-15T10:29:22","modified_gmt":"2025-04-15T09:29:22","slug":"grundsaetze","status":"publish","type":"page","link":"https:\/\/diakonie-shg.de\/de-de\/ueber-uns\/selbstverstaendnis\/grundsaetze\/","title":{"rendered":"Grunds\u00e4tze"},"content":{"rendered":"\n<p><strong>Wir sind erst zufrieden, wenn sich alle Bewohnerinnen und Bewohner bei uns gut f\u00fchlen.<\/strong><\/p>\n\n\n\n<p>Wir pr\u00fcfen immer, ob es allen gut geht, damit wir f\u00fcr alle eine <strong>gute Betreuungs- und Pflegequalit\u00e4t<\/strong> haben.<\/p>\n\n\n\n<p>Wir nutzen das <strong>M\u00e4eutische Pflegekonzept<\/strong>. Das besagt, dass das Erleben jeder Bewohnerin und jedes Bewohners f\u00fcr uns sehr wichtig ist.<\/p>\n\n\n\n<p>Au\u00dferdem leben wir das Pflegemodell von <strong>Monika Krohwinkel<\/strong> nach den AEDLs (Aktivit\u00e4ten des Lebens).<\/p>\n\n\n\n<p>Diese beiden Pflegemodelle sind die <strong>Grundlage<\/strong> f\u00fcr unsere Arbeit. Sie sind wichtig f\u00fcr die Erstellung der Pflegeplanungen. Das garantiert unsere <strong>hohe Pflegequalit\u00e4t.<\/strong><\/p>\n\n\n\n<p><\/p>\n","protected":false},"excerpt":{"rendered":"<p>Wir sind erst zufrieden, wenn sich alle Bewohnerinnen und Bewohner bei uns gut f\u00fchlen. Wir pr\u00fcfen immer, ob es allen gut geht, damit wir f\u00fcr alle eine gute Betreuungs- und Pflegequalit\u00e4t haben. Wir nutzen das M\u00e4eutische Pflegekonzept. Das besagt, dass das Erleben jeder Bewohnerin und jedes Bewohners f\u00fcr uns sehr wichtig ist. Au\u00dferdem leben wir [&hellip;]<\/p>\n","protected":false},"author":1,"featured_media":0,"parent":1519,"menu_order":0,"comment_status":"closed","ping_status":"closed","template":"","meta":{"give_campaign_id":0,"inline_featured_image":false,"footnotes":""},"class_list":["post-1522","page","type-page","status-publish","hentry"],"yoast_head":"<!-- This site is optimized with the Yoast SEO plugin v27.6 - https:\/\/yoast.com\/product\/yoast-seo-wordpress\/ -->\n<title>Grunds\u00e4tze - Diakonie Schaumburger Land gGmbH<\/title>\n<meta name=\"robots\" content=\"index, follow, max-snippet:-1, max-image-preview:large, max-video-preview:-1\" \/>\n<link rel=\"canonical\" href=\"https:\/\/diakonie-shg.de\/de-de\/ueber-uns\/selbstverstaendnis\/grundsaetze\/\" \/>\n<meta property=\"og:locale\" content=\"de_DE\" \/>\n<meta property=\"og:type\" content=\"article\" \/>\n<meta property=\"og:title\" content=\"Grunds\u00e4tze - Diakonie Schaumburger Land gGmbH\" \/>\n<meta property=\"og:description\" content=\"Wir sind erst zufrieden, wenn sich alle Bewohnerinnen und Bewohner bei uns gut f\u00fchlen. Wir pr\u00fcfen immer, ob es allen gut geht, damit wir f\u00fcr alle eine gute Betreuungs- und Pflegequalit\u00e4t haben. Wir nutzen das M\u00e4eutische Pflegekonzept. Das besagt, dass das Erleben jeder Bewohnerin und jedes Bewohners f\u00fcr uns sehr wichtig ist. Au\u00dferdem leben wir [&hellip;]\" \/>\n<meta property=\"og:url\" content=\"https:\/\/diakonie-shg.de\/de-de\/ueber-uns\/selbstverstaendnis\/grundsaetze\/\" \/>\n<meta property=\"og:site_name\" content=\"Diakonie Schaumburger Land gGmbH\" \/>\n<meta property=\"article:modified_time\" content=\"2025-04-15T09:29:22+00:00\" \/>\n<meta name=\"twitter:card\" content=\"summary_large_image\" \/>\n<meta name=\"twitter:label1\" content=\"Est. reading time\" \/>\n\t<meta name=\"twitter:data1\" content=\"2 minutes\" \/>\n<script type=\"application\/ld+json\" class=\"yoast-schema-graph\">{\"@context\":\"https:\\\/\\\/schema.org\",\"@graph\":[{\"@type\":\"WebPage\",\"@id\":\"https:\\\/\\\/diakonie-shg.de\\\/de-de\\\/ueber-uns\\\/selbstverstaendnis\\\/grundsaetze\\\/\",\"url\":\"https:\\\/\\\/diakonie-shg.de\\\/de-de\\\/ueber-uns\\\/selbstverstaendnis\\\/grundsaetze\\\/\",\"name\":\"Grunds\u00e4tze - Diakonie Schaumburger Land gGmbH\",\"isPartOf\":{\"@id\":\"https:\\\/\\\/diakonie-shg.de\\\/de-de\\\/#website\"},\"datePublished\":\"2024-04-16T12:28:19+00:00\",\"dateModified\":\"2025-04-15T09:29:22+00:00\",\"breadcrumb\":{\"@id\":\"https:\\\/\\\/diakonie-shg.de\\\/de-de\\\/ueber-uns\\\/selbstverstaendnis\\\/grundsaetze\\\/#breadcrumb\"},\"inLanguage\":\"de-LE\",\"potentialAction\":[{\"@type\":\"ReadAction\",\"target\":[\"https:\\\/\\\/diakonie-shg.de\\\/de-de\\\/ueber-uns\\\/selbstverstaendnis\\\/grundsaetze\\\/\"]}]},{\"@type\":\"BreadcrumbList\",\"@id\":\"https:\\\/\\\/diakonie-shg.de\\\/de-de\\\/ueber-uns\\\/selbstverstaendnis\\\/grundsaetze\\\/#breadcrumb\",\"itemListElement\":[{\"@type\":\"ListItem\",\"position\":1,\"name\":\"Startseite\",\"item\":\"https:\\\/\\\/diakonie-shg.de\\\/de-de\\\/\"},{\"@type\":\"ListItem\",\"position\":2,\"name\":\"\u00dcber uns\",\"item\":\"https:\\\/\\\/diakonie-shg.de\\\/de-de\\\/ueber-uns\\\/\"},{\"@type\":\"ListItem\",\"position\":3,\"name\":\"Selbstverst\u00e4ndnis\",\"item\":\"https:\\\/\\\/diakonie-shg.de\\\/de-de\\\/ueber-uns\\\/selbstverstaendnis\\\/\"},{\"@type\":\"ListItem\",\"position\":4,\"name\":\"Grunds\u00e4tze\"}]},{\"@type\":\"WebSite\",\"@id\":\"https:\\\/\\\/diakonie-shg.de\\\/de-de\\\/#website\",\"url\":\"https:\\\/\\\/diakonie-shg.de\\\/de-de\\\/\",\"name\":\"Diakonie Schaumburger Land gGmbH\",\"description\":\"Zusammenschluss von vier diakonischen Schaumburger Pflegeeinrichtungen\",\"publisher\":{\"@id\":\"https:\\\/\\\/diakonie-shg.de\\\/de-de\\\/#organization\"},\"potentialAction\":[{\"@type\":\"SearchAction\",\"target\":{\"@type\":\"EntryPoint\",\"urlTemplate\":\"https:\\\/\\\/diakonie-shg.de\\\/de-de\\\/?s={search_term_string}\"},\"query-input\":{\"@type\":\"PropertyValueSpecification\",\"valueRequired\":true,\"valueName\":\"search_term_string\"}}],\"inLanguage\":\"de-LE\"},{\"@type\":\"Organization\",\"@id\":\"https:\\\/\\\/diakonie-shg.de\\\/de-de\\\/#organization\",\"name\":\"Diakonie Schaumburger Land gGmbH\",\"url\":\"https:\\\/\\\/diakonie-shg.de\\\/de-de\\\/\",\"logo\":{\"@type\":\"ImageObject\",\"inLanguage\":\"de-LE\",\"@id\":\"https:\\\/\\\/diakonie-shg.de\\\/de-de\\\/#\\\/schema\\\/logo\\\/image\\\/\",\"url\":\"https:\\\/\\\/diakonie-shg.de\\\/wp-content\\\/uploads\\\/2024\\\/09\\\/20230105_Logo_Holding.svg\",\"contentUrl\":\"https:\\\/\\\/diakonie-shg.de\\\/wp-content\\\/uploads\\\/2024\\\/09\\\/20230105_Logo_Holding.svg\",\"width\":\"1024\",\"height\":\"1024\",\"caption\":\"Diakonie Schaumburger Land gGmbH\"},\"image\":{\"@id\":\"https:\\\/\\\/diakonie-shg.de\\\/de-de\\\/#\\\/schema\\\/logo\\\/image\\\/\"}}]}<\/script>\n<!-- \/ Yoast SEO plugin. -->","yoast_head_json":{"title":"Grunds\u00e4tze - Diakonie Schaumburger Land gGmbH","robots":{"index":"index","follow":"follow","max-snippet":"max-snippet:-1","max-image-preview":"max-image-preview:large","max-video-preview":"max-video-preview:-1"},"canonical":"https:\/\/diakonie-shg.de\/de-de\/ueber-uns\/selbstverstaendnis\/grundsaetze\/","og_locale":"de_DE","og_type":"article","og_title":"Grunds\u00e4tze - Diakonie Schaumburger Land gGmbH","og_description":"Wir sind erst zufrieden, wenn sich alle Bewohnerinnen und Bewohner bei uns gut f\u00fchlen. Wir pr\u00fcfen immer, ob es allen gut geht, damit wir f\u00fcr alle eine gute Betreuungs- und Pflegequalit\u00e4t haben. Wir nutzen das M\u00e4eutische Pflegekonzept. Das besagt, dass das Erleben jeder Bewohnerin und jedes Bewohners f\u00fcr uns sehr wichtig ist. Au\u00dferdem leben wir [&hellip;]","og_url":"https:\/\/diakonie-shg.de\/de-de\/ueber-uns\/selbstverstaendnis\/grundsaetze\/","og_site_name":"Diakonie Schaumburger Land gGmbH","article_modified_time":"2025-04-15T09:29:22+00:00","twitter_card":"summary_large_image","twitter_misc":{"Est. reading time":"2 minutes"},"schema":{"@context":"https:\/\/schema.org","@graph":[{"@type":"WebPage","@id":"https:\/\/diakonie-shg.de\/de-de\/ueber-uns\/selbstverstaendnis\/grundsaetze\/","url":"https:\/\/diakonie-shg.de\/de-de\/ueber-uns\/selbstverstaendnis\/grundsaetze\/","name":"Grunds\u00e4tze - Diakonie Schaumburger Land gGmbH","isPartOf":{"@id":"https:\/\/diakonie-shg.de\/de-de\/#website"},"datePublished":"2024-04-16T12:28:19+00:00","dateModified":"2025-04-15T09:29:22+00:00","breadcrumb":{"@id":"https:\/\/diakonie-shg.de\/de-de\/ueber-uns\/selbstverstaendnis\/grundsaetze\/#breadcrumb"},"inLanguage":"de-LE","potentialAction":[{"@type":"ReadAction","target":["https:\/\/diakonie-shg.de\/de-de\/ueber-uns\/selbstverstaendnis\/grundsaetze\/"]}]},{"@type":"BreadcrumbList","@id":"https:\/\/diakonie-shg.de\/de-de\/ueber-uns\/selbstverstaendnis\/grundsaetze\/#breadcrumb","itemListElement":[{"@type":"ListItem","position":1,"name":"Startseite","item":"https:\/\/diakonie-shg.de\/de-de\/"},{"@type":"ListItem","position":2,"name":"\u00dcber uns","item":"https:\/\/diakonie-shg.de\/de-de\/ueber-uns\/"},{"@type":"ListItem","position":3,"name":"Selbstverst\u00e4ndnis","item":"https:\/\/diakonie-shg.de\/de-de\/ueber-uns\/selbstverstaendnis\/"},{"@type":"ListItem","position":4,"name":"Grunds\u00e4tze"}]},{"@type":"WebSite","@id":"https:\/\/diakonie-shg.de\/de-de\/#website","url":"https:\/\/diakonie-shg.de\/de-de\/","name":"Diakonie Schaumburger Land gGmbH","description":"Zusammenschluss von vier diakonischen Schaumburger Pflegeeinrichtungen","publisher":{"@id":"https:\/\/diakonie-shg.de\/de-de\/#organization"},"potentialAction":[{"@type":"SearchAction","target":{"@type":"EntryPoint","urlTemplate":"https:\/\/diakonie-shg.de\/de-de\/?s={search_term_string}"},"query-input":{"@type":"PropertyValueSpecification","valueRequired":true,"valueName":"search_term_string"}}],"inLanguage":"de-LE"},{"@type":"Organization","@id":"https:\/\/diakonie-shg.de\/de-de\/#organization","name":"Diakonie Schaumburger Land gGmbH","url":"https:\/\/diakonie-shg.de\/de-de\/","logo":{"@type":"ImageObject","inLanguage":"de-LE","@id":"https:\/\/diakonie-shg.de\/de-de\/#\/schema\/logo\/image\/","url":"https:\/\/diakonie-shg.de\/wp-content\/uploads\/2024\/09\/20230105_Logo_Holding.svg","contentUrl":"https:\/\/diakonie-shg.de\/wp-content\/uploads\/2024\/09\/20230105_Logo_Holding.svg","width":"1024","height":"1024","caption":"Diakonie Schaumburger Land gGmbH"},"image":{"@id":"https:\/\/diakonie-shg.de\/de-de\/#\/schema\/logo\/image\/"}}]}},"campaignId":"","_links":{"self":[{"href":"https:\/\/diakonie-shg.de\/de-de\/wp-json\/wp\/v2\/pages\/1522","targetHints":{"allow":["GET"]}}],"collection":[{"href":"https:\/\/diakonie-shg.de\/de-de\/wp-json\/wp\/v2\/pages"}],"about":[{"href":"https:\/\/diakonie-shg.de\/de-de\/wp-json\/wp\/v2\/types\/page"}],"author":[{"embeddable":true,"href":"https:\/\/diakonie-shg.de\/de-de\/wp-json\/wp\/v2\/users\/1"}],"replies":[{"embeddable":true,"href":"https:\/\/diakonie-shg.de\/de-de\/wp-json\/wp\/v2\/comments?post=1522"}],"version-history":[{"count":5,"href":"https:\/\/diakonie-shg.de\/de-de\/wp-json\/wp\/v2\/pages\/1522\/revisions"}],"predecessor-version":[{"id":5458,"href":"https:\/\/diakonie-shg.de\/de-de\/wp-json\/wp\/v2\/pages\/1522\/revisions\/5458"}],"up":[{"embeddable":true,"href":"https:\/\/diakonie-shg.de\/de-de\/wp-json\/wp\/v2\/pages\/1519"}],"wp:attachment":[{"href":"https:\/\/diakonie-shg.de\/de-de\/wp-json\/wp\/v2\/media?parent=1522"}],"curies":[{"name":"wp","href":"https:\/\/api.w.org\/{rel}","templated":true}]}}