{"id":1519,"date":"2024-04-16T13:26:12","date_gmt":"2024-04-16T12:26:12","guid":{"rendered":"https:\/\/diakonie-shg.de\/ueber-uns\/selbstverstaendnis\/"},"modified":"2025-04-15T09:27:20","modified_gmt":"2025-04-15T08:27:20","slug":"selbstverstaendnis","status":"publish","type":"page","link":"https:\/\/diakonie-shg.de\/de-de\/ueber-uns\/selbstverstaendnis\/","title":{"rendered":"Selbstverst\u00e4ndnis"},"content":{"rendered":"\n<p>Viele Menschen haben Angst, ihre Selbstbestimmung und Freiheit zu verlieren. Sie bef\u00fcrchten, abgeschoben zu werden oder sie f\u00fchlen sich allein.<\/p>\n\n\n\n<p>Doch oft stellt man fest, dass ein Platz in einer unserer Einrichtungen viel Unterst\u00fctzung bringt. Ein selbstbestimmtes Leben ist weiter m\u00f6glich und die Menschen bekommen viel Hilfe.<\/p>\n\n\n\n<p>Altersgerechte Betten und Badezimmer, gemeinsames Essen sowie verschiedene Veranstaltungen oder Ausfl\u00fcge erleichtern den Alltag.<\/p>\n\n\n\n<p>Gesellschaft, gegenseitige Hilfe und Herzlichkeit machen das Leben im Alter wieder lebenswert und beugen Einsamkeit vor.<\/p>\n","protected":false},"excerpt":{"rendered":"<p>Viele Menschen haben Angst, ihre Selbstbestimmung und Freiheit zu verlieren. Sie bef\u00fcrchten, abgeschoben zu werden oder sie f\u00fchlen sich allein. Doch oft stellt man fest, dass ein Platz in einer unserer Einrichtungen viel Unterst\u00fctzung bringt. Ein selbstbestimmtes Leben ist weiter m\u00f6glich und die Menschen bekommen viel Hilfe. Altersgerechte Betten und Badezimmer, gemeinsames Essen sowie verschiedene [&hellip;]<\/p>\n","protected":false},"author":1,"featured_media":0,"parent":1484,"menu_order":0,"comment_status":"closed","ping_status":"closed","template":"","meta":{"give_campaign_id":0,"inline_featured_image":false,"footnotes":""},"class_list":["post-1519","page","type-page","status-publish","hentry"],"yoast_head":"<!-- This site is optimized with the Yoast SEO plugin v27.4 - https:\/\/yoast.com\/product\/yoast-seo-wordpress\/ -->\n<title>Selbstverst\u00e4ndnis - Diakonie Schaumburger Land gGmbH<\/title>\n<meta name=\"robots\" content=\"index, follow, max-snippet:-1, max-image-preview:large, max-video-preview:-1\" \/>\n<link rel=\"canonical\" href=\"https:\/\/diakonie-shg.de\/de-de\/ueber-uns\/selbstverstaendnis\/\" \/>\n<meta property=\"og:locale\" content=\"de_DE\" \/>\n<meta property=\"og:type\" content=\"article\" \/>\n<meta property=\"og:title\" content=\"Selbstverst\u00e4ndnis - Diakonie Schaumburger Land gGmbH\" \/>\n<meta property=\"og:description\" content=\"Viele Menschen haben Angst, ihre Selbstbestimmung und Freiheit zu verlieren. Sie bef\u00fcrchten, abgeschoben zu werden oder sie f\u00fchlen sich allein. Doch oft stellt man fest, dass ein Platz in einer unserer Einrichtungen viel Unterst\u00fctzung bringt. Ein selbstbestimmtes Leben ist weiter m\u00f6glich und die Menschen bekommen viel Hilfe. Altersgerechte Betten und Badezimmer, gemeinsames Essen sowie verschiedene [&hellip;]\" \/>\n<meta property=\"og:url\" content=\"https:\/\/diakonie-shg.de\/de-de\/ueber-uns\/selbstverstaendnis\/\" \/>\n<meta property=\"og:site_name\" content=\"Diakonie Schaumburger Land gGmbH\" \/>\n<meta property=\"article:modified_time\" content=\"2025-04-15T08:27:20+00:00\" \/>\n<meta name=\"twitter:card\" content=\"summary_large_image\" \/>\n<meta name=\"twitter:label1\" content=\"Est. reading time\" \/>\n\t<meta name=\"twitter:data1\" content=\"2 minutes\" \/>\n<script type=\"application\/ld+json\" class=\"yoast-schema-graph\">{\"@context\":\"https:\\\/\\\/schema.org\",\"@graph\":[{\"@type\":\"WebPage\",\"@id\":\"https:\\\/\\\/diakonie-shg.de\\\/de-de\\\/ueber-uns\\\/selbstverstaendnis\\\/\",\"url\":\"https:\\\/\\\/diakonie-shg.de\\\/de-de\\\/ueber-uns\\\/selbstverstaendnis\\\/\",\"name\":\"Selbstverst\u00e4ndnis - Diakonie Schaumburger Land gGmbH\",\"isPartOf\":{\"@id\":\"https:\\\/\\\/diakonie-shg.de\\\/de-de\\\/#website\"},\"datePublished\":\"2024-04-16T12:26:12+00:00\",\"dateModified\":\"2025-04-15T08:27:20+00:00\",\"breadcrumb\":{\"@id\":\"https:\\\/\\\/diakonie-shg.de\\\/de-de\\\/ueber-uns\\\/selbstverstaendnis\\\/#breadcrumb\"},\"inLanguage\":\"de-LE\",\"potentialAction\":[{\"@type\":\"ReadAction\",\"target\":[\"https:\\\/\\\/diakonie-shg.de\\\/de-de\\\/ueber-uns\\\/selbstverstaendnis\\\/\"]}]},{\"@type\":\"BreadcrumbList\",\"@id\":\"https:\\\/\\\/diakonie-shg.de\\\/de-de\\\/ueber-uns\\\/selbstverstaendnis\\\/#breadcrumb\",\"itemListElement\":[{\"@type\":\"ListItem\",\"position\":1,\"name\":\"Startseite\",\"item\":\"https:\\\/\\\/diakonie-shg.de\\\/de-de\\\/\"},{\"@type\":\"ListItem\",\"position\":2,\"name\":\"\u00dcber uns\",\"item\":\"https:\\\/\\\/diakonie-shg.de\\\/de-de\\\/ueber-uns\\\/\"},{\"@type\":\"ListItem\",\"position\":3,\"name\":\"Selbstverst\u00e4ndnis\"}]},{\"@type\":\"WebSite\",\"@id\":\"https:\\\/\\\/diakonie-shg.de\\\/de-de\\\/#website\",\"url\":\"https:\\\/\\\/diakonie-shg.de\\\/de-de\\\/\",\"name\":\"Diakonie Schaumburger Land gGmbH\",\"description\":\"Zusammenschluss von vier diakonischen Schaumburger Pflegeeinrichtungen\",\"publisher\":{\"@id\":\"https:\\\/\\\/diakonie-shg.de\\\/de-de\\\/#organization\"},\"potentialAction\":[{\"@type\":\"SearchAction\",\"target\":{\"@type\":\"EntryPoint\",\"urlTemplate\":\"https:\\\/\\\/diakonie-shg.de\\\/de-de\\\/?s={search_term_string}\"},\"query-input\":{\"@type\":\"PropertyValueSpecification\",\"valueRequired\":true,\"valueName\":\"search_term_string\"}}],\"inLanguage\":\"de-LE\"},{\"@type\":\"Organization\",\"@id\":\"https:\\\/\\\/diakonie-shg.de\\\/de-de\\\/#organization\",\"name\":\"Diakonie Schaumburger Land gGmbH\",\"url\":\"https:\\\/\\\/diakonie-shg.de\\\/de-de\\\/\",\"logo\":{\"@type\":\"ImageObject\",\"inLanguage\":\"de-LE\",\"@id\":\"https:\\\/\\\/diakonie-shg.de\\\/de-de\\\/#\\\/schema\\\/logo\\\/image\\\/\",\"url\":\"https:\\\/\\\/diakonie-shg.de\\\/wp-content\\\/uploads\\\/2024\\\/09\\\/20230105_Logo_Holding.svg\",\"contentUrl\":\"https:\\\/\\\/diakonie-shg.de\\\/wp-content\\\/uploads\\\/2024\\\/09\\\/20230105_Logo_Holding.svg\",\"width\":\"1024\",\"height\":\"1024\",\"caption\":\"Diakonie Schaumburger Land gGmbH\"},\"image\":{\"@id\":\"https:\\\/\\\/diakonie-shg.de\\\/de-de\\\/#\\\/schema\\\/logo\\\/image\\\/\"}}]}<\/script>\n<!-- \/ Yoast SEO plugin. -->","yoast_head_json":{"title":"Selbstverst\u00e4ndnis - Diakonie Schaumburger Land gGmbH","robots":{"index":"index","follow":"follow","max-snippet":"max-snippet:-1","max-image-preview":"max-image-preview:large","max-video-preview":"max-video-preview:-1"},"canonical":"https:\/\/diakonie-shg.de\/de-de\/ueber-uns\/selbstverstaendnis\/","og_locale":"de_DE","og_type":"article","og_title":"Selbstverst\u00e4ndnis - Diakonie Schaumburger Land gGmbH","og_description":"Viele Menschen haben Angst, ihre Selbstbestimmung und Freiheit zu verlieren. Sie bef\u00fcrchten, abgeschoben zu werden oder sie f\u00fchlen sich allein. Doch oft stellt man fest, dass ein Platz in einer unserer Einrichtungen viel Unterst\u00fctzung bringt. Ein selbstbestimmtes Leben ist weiter m\u00f6glich und die Menschen bekommen viel Hilfe. Altersgerechte Betten und Badezimmer, gemeinsames Essen sowie verschiedene [&hellip;]","og_url":"https:\/\/diakonie-shg.de\/de-de\/ueber-uns\/selbstverstaendnis\/","og_site_name":"Diakonie Schaumburger Land gGmbH","article_modified_time":"2025-04-15T08:27:20+00:00","twitter_card":"summary_large_image","twitter_misc":{"Est. reading time":"2 minutes"},"schema":{"@context":"https:\/\/schema.org","@graph":[{"@type":"WebPage","@id":"https:\/\/diakonie-shg.de\/de-de\/ueber-uns\/selbstverstaendnis\/","url":"https:\/\/diakonie-shg.de\/de-de\/ueber-uns\/selbstverstaendnis\/","name":"Selbstverst\u00e4ndnis - Diakonie Schaumburger Land gGmbH","isPartOf":{"@id":"https:\/\/diakonie-shg.de\/de-de\/#website"},"datePublished":"2024-04-16T12:26:12+00:00","dateModified":"2025-04-15T08:27:20+00:00","breadcrumb":{"@id":"https:\/\/diakonie-shg.de\/de-de\/ueber-uns\/selbstverstaendnis\/#breadcrumb"},"inLanguage":"de-LE","potentialAction":[{"@type":"ReadAction","target":["https:\/\/diakonie-shg.de\/de-de\/ueber-uns\/selbstverstaendnis\/"]}]},{"@type":"BreadcrumbList","@id":"https:\/\/diakonie-shg.de\/de-de\/ueber-uns\/selbstverstaendnis\/#breadcrumb","itemListElement":[{"@type":"ListItem","position":1,"name":"Startseite","item":"https:\/\/diakonie-shg.de\/de-de\/"},{"@type":"ListItem","position":2,"name":"\u00dcber uns","item":"https:\/\/diakonie-shg.de\/de-de\/ueber-uns\/"},{"@type":"ListItem","position":3,"name":"Selbstverst\u00e4ndnis"}]},{"@type":"WebSite","@id":"https:\/\/diakonie-shg.de\/de-de\/#website","url":"https:\/\/diakonie-shg.de\/de-de\/","name":"Diakonie Schaumburger Land gGmbH","description":"Zusammenschluss von vier diakonischen Schaumburger Pflegeeinrichtungen","publisher":{"@id":"https:\/\/diakonie-shg.de\/de-de\/#organization"},"potentialAction":[{"@type":"SearchAction","target":{"@type":"EntryPoint","urlTemplate":"https:\/\/diakonie-shg.de\/de-de\/?s={search_term_string}"},"query-input":{"@type":"PropertyValueSpecification","valueRequired":true,"valueName":"search_term_string"}}],"inLanguage":"de-LE"},{"@type":"Organization","@id":"https:\/\/diakonie-shg.de\/de-de\/#organization","name":"Diakonie Schaumburger Land gGmbH","url":"https:\/\/diakonie-shg.de\/de-de\/","logo":{"@type":"ImageObject","inLanguage":"de-LE","@id":"https:\/\/diakonie-shg.de\/de-de\/#\/schema\/logo\/image\/","url":"https:\/\/diakonie-shg.de\/wp-content\/uploads\/2024\/09\/20230105_Logo_Holding.svg","contentUrl":"https:\/\/diakonie-shg.de\/wp-content\/uploads\/2024\/09\/20230105_Logo_Holding.svg","width":"1024","height":"1024","caption":"Diakonie Schaumburger Land gGmbH"},"image":{"@id":"https:\/\/diakonie-shg.de\/de-de\/#\/schema\/logo\/image\/"}}]}},"campaignId":"","_links":{"self":[{"href":"https:\/\/diakonie-shg.de\/de-de\/wp-json\/wp\/v2\/pages\/1519","targetHints":{"allow":["GET"]}}],"collection":[{"href":"https:\/\/diakonie-shg.de\/de-de\/wp-json\/wp\/v2\/pages"}],"about":[{"href":"https:\/\/diakonie-shg.de\/de-de\/wp-json\/wp\/v2\/types\/page"}],"author":[{"embeddable":true,"href":"https:\/\/diakonie-shg.de\/de-de\/wp-json\/wp\/v2\/users\/1"}],"replies":[{"embeddable":true,"href":"https:\/\/diakonie-shg.de\/de-de\/wp-json\/wp\/v2\/comments?post=1519"}],"version-history":[{"count":5,"href":"https:\/\/diakonie-shg.de\/de-de\/wp-json\/wp\/v2\/pages\/1519\/revisions"}],"predecessor-version":[{"id":5450,"href":"https:\/\/diakonie-shg.de\/de-de\/wp-json\/wp\/v2\/pages\/1519\/revisions\/5450"}],"up":[{"embeddable":true,"href":"https:\/\/diakonie-shg.de\/de-de\/wp-json\/wp\/v2\/pages\/1484"}],"wp:attachment":[{"href":"https:\/\/diakonie-shg.de\/de-de\/wp-json\/wp\/v2\/media?parent=1519"}],"curies":[{"name":"wp","href":"https:\/\/api.w.org\/{rel}","templated":true}]}}