{"id":1509,"date":"2024-04-16T13:38:13","date_gmt":"2024-04-16T12:38:13","guid":{"rendered":"https:\/\/diakonie-shg.de\/ueber-uns\/einrichtungen\/sqjs\/"},"modified":"2025-04-10T14:12:54","modified_gmt":"2025-04-10T13:12:54","slug":"sqjs","status":"publish","type":"page","link":"https:\/\/diakonie-shg.de\/de-de\/ueber-uns\/einrichtungen\/sqjs\/","title":{"rendered":"SeniorenQuartier Josua Stegmann"},"content":{"rendered":"\n<p><strong>Das SeniorenQuartier Josua Stegmann: hell, freundlich und famili\u00e4r<\/strong><\/p>\n\n\n\n<p>Das\u00a0Pflege- und Wohnheim\u00a0liegt in einem <strong>ruhigen Wohngebiet<\/strong>, nicht weit vom Stadtzentrum von\u00a0<strong>Stadthagen\u00a0<\/strong>entfernt.<\/p>\n\n\n\n<p>Das\u00a0SeniorenQuartier Josua Stegmann\u00a0ist eine <strong>moderne und gepflegte Wohnanlage<\/strong>. Seit der Er\u00f6ffnung im Jahr\u00a01968\u00a0wird sie immer wieder erweitert und erneuert.<\/p>\n\n\n\n<p>Die R\u00e4ume sind&nbsp;<strong>hell und freundlich<\/strong>. Besucher f\u00fchlen sich sofort wohl. F\u00fcr die \u00e4lteren Menschen, die hier leben, ist es ein&nbsp;<strong>gem\u00fctliches und famili\u00e4res Zuhause<\/strong>.<\/p>\n\n\n\n<figure class=\"wp-block-image size-large\"><img loading=\"lazy\" decoding=\"async\" width=\"1024\" height=\"683\" src=\"https:\/\/diakonie-shg.de\/wp-content\/uploads\/2024\/07\/seniorenquartgier_js_dachterrasse-1024x683.jpg\" alt=\"\" class=\"wp-image-908\" srcset=\"https:\/\/diakonie-shg.de\/wp-content\/uploads\/2024\/07\/seniorenquartgier_js_dachterrasse-1024x683.jpg 1024w, https:\/\/diakonie-shg.de\/wp-content\/uploads\/2024\/07\/seniorenquartgier_js_dachterrasse-400x267.jpg 400w, https:\/\/diakonie-shg.de\/wp-content\/uploads\/2024\/07\/seniorenquartgier_js_dachterrasse-768x512.jpg 768w, https:\/\/diakonie-shg.de\/wp-content\/uploads\/2024\/07\/seniorenquartgier_js_dachterrasse-1536x1024.jpg 1536w, https:\/\/diakonie-shg.de\/wp-content\/uploads\/2024\/07\/seniorenquartgier_js_dachterrasse-1500x1000.jpg 1500w, https:\/\/diakonie-shg.de\/wp-content\/uploads\/2024\/07\/seniorenquartgier_js_dachterrasse.jpg 1920w\" sizes=\"auto, (max-width: 1024px) 100vw, 1024px\" \/><\/figure>\n\n\n\n<div style=\"height:30px\" aria-hidden=\"true\" class=\"wp-block-spacer\"><\/div>\n\n\n\n<div class=\"wp-block-media-text is-stacked-on-mobile is-vertically-aligned-center\" style=\"grid-template-columns:85% auto\"><figure class=\"wp-block-media-text__media\"><video controls src=\"https:\/\/diakonie-shg.de\/wp-content\/uploads\/2024\/10\/Film_Josua_Stegmann_Heim_s.mov\"><\/video><\/figure><div class=\"wp-block-media-text__content\">\n<p><\/p>\n<\/div><\/div>\n\n\n\n<p>Das SeniorenQuartier Josua Stegmann besteht aus vier Etagen. Darin gibt es <strong>drei Wohnbereiche<\/strong> <strong>und eine Hausgemeinschaft<\/strong>. Jeder kann dort leben, wie er es mag, genau wie fr\u00fcher zu Hause: Wer sich am liebsten in seinem Zimmer aufhalten m\u00f6chte, kann das gerne tun. Wer das nicht mag, kann zum Beispiel in die <strong>Ratsstube<\/strong> gehen. Das ist ein Treffpunk zum Austausch, Spielen, Lesen, Kaffeetrinken und vieles mehr. Das Wichtigste ist: Es gibt dabei <strong>keinen Gruppendruck<\/strong>. Jeder lebt so, wie er es mag und kann.<\/p>\n\n\n\n<p>Wenn man <strong>gemeinsam <\/strong>etwas unternimmt oder bei Festen und Veranstaltungen gibt es f\u00fcr alle ein angenehmes Miteinander. Die Bewohner k\u00f6nnen sich zu Gespr\u00e4chen in unseren <strong>Marktpl\u00e4tzen<\/strong>, oben im <strong>Dachgarten<\/strong>, im <strong>Innenhof <\/strong>oder auf der <strong>Terrasse<\/strong> treffen. Das Heim bietet viel Raum, um sich zu treffen. Auch wenn man sich lieber zur\u00fcckziehen m\u00f6chte, gibt es gen\u00fcgend M\u00f6glichkeiten dazu. Jeder Bewohner darf au\u00dferdem in den Wohnr\u00e4umen und auch im <strong>Caf\u00e9s Intermezzo<\/strong> im privaten Kreis feiern.<\/p>\n\n\n\n<p>Der <strong>sch\u00f6ne<\/strong> und <strong>gro\u00dfz\u00fcgige Garten<\/strong> ist \u00fcber die Terrasse erreichbar. Dort kann man gut spazieren gehen und mobil bleiben. Wir haben gem\u00fctliche Pl\u00e4tze, wie einen <strong>Teich<\/strong>. Dieser ist ein ruhiger Ort, an dem man sich auf sich selbst besinnen kann. Unsere <strong>Gartenterrasse <\/strong>hat verschiedene Sitzm\u00f6glichkeiten. Dort geht es durchaus lebhafter zu. Und dann gibt es noch den <strong>Dachgarten<\/strong>. Der ist besonders beliebt wegen seines sch\u00f6nen Ausblicks und der g\u00e4rtnerischen Gestaltung.<\/p>\n\n\n\n<p>Jeder Mensch braucht manchmal ein wenig Zeit f\u00fcr sich. Man braucht Zeit zum Nachdenken, zum Trauern, zum Beten. Wir vom SeniorenQuartier Josua Stegmmann haben als diakonische Einrichtung <strong>christlichen Grunds\u00e4tzen<\/strong>. Deshalb haben wir f\u00fcr die innere Einkehr einen eigenen <strong>Andachtsraum<\/strong>. Bewohnerinnen und Bewohner aller christlichen Konfessionen bekommen hier <strong>seelsorgerische Betreuung<\/strong>, Beistand und Begleitung in allen Phasen des Lebens. Der w\u00f6chentliche <strong>Gottesdienst <\/strong>und die Wahrung der christlichen Feiertage ist f\u00fcr uns selbstverst\u00e4ndlich.<\/p>\n\n\n\n<p><\/p>\n\n\n\n<p class=\"has-small-font-size\">Allgemeine Hinweise: Unsere Medizinproduktebeauftragte ist Frau Peggy Lutter. <\/p>\n","protected":false},"excerpt":{"rendered":"<p>Das SeniorenQuartier Josua Stegmann: hell, freundlich und famili\u00e4r Das\u00a0Pflege- und Wohnheim\u00a0liegt in einem ruhigen Wohngebiet, nicht weit vom Stadtzentrum von\u00a0Stadthagen\u00a0entfernt. Das\u00a0SeniorenQuartier Josua Stegmann\u00a0ist eine moderne und gepflegte Wohnanlage. Seit der Er\u00f6ffnung im Jahr\u00a01968\u00a0wird sie immer wieder erweitert und erneuert. Die R\u00e4ume sind&nbsp;hell und freundlich. Besucher f\u00fchlen sich sofort wohl. F\u00fcr die \u00e4lteren Menschen, die hier [&hellip;]<\/p>\n","protected":false},"author":1,"featured_media":1349,"parent":1501,"menu_order":0,"comment_status":"closed","ping_status":"closed","template":"","meta":{"give_campaign_id":0,"inline_featured_image":false,"footnotes":""},"class_list":["post-1509","page","type-page","status-publish","has-post-thumbnail","hentry"],"yoast_head":"<!-- This site is optimized with the Yoast SEO plugin v27.4 - https:\/\/yoast.com\/product\/yoast-seo-wordpress\/ -->\n<title>SeniorenQuartier Josua Stegmann - Diakonie Schaumburger Land gGmbH<\/title>\n<meta name=\"robots\" content=\"index, follow, max-snippet:-1, max-image-preview:large, max-video-preview:-1\" \/>\n<link rel=\"canonical\" href=\"https:\/\/diakonie-shg.de\/de-de\/ueber-uns\/einrichtungen\/sqjs\/\" \/>\n<meta property=\"og:locale\" content=\"de_DE\" \/>\n<meta property=\"og:type\" content=\"article\" \/>\n<meta property=\"og:title\" content=\"SeniorenQuartier Josua Stegmann - Diakonie Schaumburger Land gGmbH\" \/>\n<meta property=\"og:description\" content=\"Das SeniorenQuartier Josua Stegmann: hell, freundlich und famili\u00e4r Das\u00a0Pflege- und Wohnheim\u00a0liegt in einem ruhigen Wohngebiet, nicht weit vom Stadtzentrum von\u00a0Stadthagen\u00a0entfernt. Das\u00a0SeniorenQuartier Josua Stegmann\u00a0ist eine moderne und gepflegte Wohnanlage. Seit der Er\u00f6ffnung im Jahr\u00a01968\u00a0wird sie immer wieder erweitert und erneuert. Die R\u00e4ume sind&nbsp;hell und freundlich. Besucher f\u00fchlen sich sofort wohl. F\u00fcr die \u00e4lteren Menschen, die hier [&hellip;]\" \/>\n<meta property=\"og:url\" content=\"https:\/\/diakonie-shg.de\/de-de\/ueber-uns\/einrichtungen\/sqjs\/\" \/>\n<meta property=\"og:site_name\" content=\"Diakonie Schaumburger Land gGmbH\" \/>\n<meta property=\"article:modified_time\" content=\"2025-04-10T13:12:54+00:00\" \/>\n<meta property=\"og:image\" content=\"https:\/\/diakonie-shg.de\/wp-content\/uploads\/2024\/07\/seniorenquartier_js.jpg\" \/>\n\t<meta property=\"og:image:width\" content=\"1920\" \/>\n\t<meta property=\"og:image:height\" content=\"1280\" \/>\n\t<meta property=\"og:image:type\" content=\"image\/jpeg\" \/>\n<meta name=\"twitter:card\" content=\"summary_large_image\" \/>\n<meta name=\"twitter:label1\" content=\"Est. reading time\" \/>\n\t<meta name=\"twitter:data1\" content=\"5 minutes\" \/>\n<script type=\"application\/ld+json\" class=\"yoast-schema-graph\">{\"@context\":\"https:\\\/\\\/schema.org\",\"@graph\":[{\"@type\":\"WebPage\",\"@id\":\"https:\\\/\\\/diakonie-shg.de\\\/de-de\\\/ueber-uns\\\/einrichtungen\\\/sqjs\\\/\",\"url\":\"https:\\\/\\\/diakonie-shg.de\\\/de-de\\\/ueber-uns\\\/einrichtungen\\\/sqjs\\\/\",\"name\":\"SeniorenQuartier Josua Stegmann - Diakonie Schaumburger Land gGmbH\",\"isPartOf\":{\"@id\":\"https:\\\/\\\/diakonie-shg.de\\\/de-de\\\/#website\"},\"primaryImageOfPage\":{\"@id\":\"https:\\\/\\\/diakonie-shg.de\\\/de-de\\\/ueber-uns\\\/einrichtungen\\\/sqjs\\\/#primaryimage\"},\"image\":{\"@id\":\"https:\\\/\\\/diakonie-shg.de\\\/de-de\\\/ueber-uns\\\/einrichtungen\\\/sqjs\\\/#primaryimage\"},\"thumbnailUrl\":\"https:\\\/\\\/diakonie-shg.de\\\/wp-content\\\/uploads\\\/2024\\\/07\\\/seniorenquartier_js.jpg\",\"datePublished\":\"2024-04-16T12:38:13+00:00\",\"dateModified\":\"2025-04-10T13:12:54+00:00\",\"breadcrumb\":{\"@id\":\"https:\\\/\\\/diakonie-shg.de\\\/de-de\\\/ueber-uns\\\/einrichtungen\\\/sqjs\\\/#breadcrumb\"},\"inLanguage\":\"de-LE\",\"potentialAction\":[{\"@type\":\"ReadAction\",\"target\":[\"https:\\\/\\\/diakonie-shg.de\\\/de-de\\\/ueber-uns\\\/einrichtungen\\\/sqjs\\\/\"]}]},{\"@type\":\"ImageObject\",\"inLanguage\":\"de-LE\",\"@id\":\"https:\\\/\\\/diakonie-shg.de\\\/de-de\\\/ueber-uns\\\/einrichtungen\\\/sqjs\\\/#primaryimage\",\"url\":\"https:\\\/\\\/diakonie-shg.de\\\/wp-content\\\/uploads\\\/2024\\\/07\\\/seniorenquartier_js.jpg\",\"contentUrl\":\"https:\\\/\\\/diakonie-shg.de\\\/wp-content\\\/uploads\\\/2024\\\/07\\\/seniorenquartier_js.jpg\",\"width\":1920,\"height\":1280,\"caption\":\"begr\u00fcnter Innenhof des\"},{\"@type\":\"BreadcrumbList\",\"@id\":\"https:\\\/\\\/diakonie-shg.de\\\/de-de\\\/ueber-uns\\\/einrichtungen\\\/sqjs\\\/#breadcrumb\",\"itemListElement\":[{\"@type\":\"ListItem\",\"position\":1,\"name\":\"Startseite\",\"item\":\"https:\\\/\\\/diakonie-shg.de\\\/de-de\\\/\"},{\"@type\":\"ListItem\",\"position\":2,\"name\":\"\u00dcber uns\",\"item\":\"https:\\\/\\\/diakonie-shg.de\\\/de-de\\\/ueber-uns\\\/\"},{\"@type\":\"ListItem\",\"position\":3,\"name\":\"Einrichtungen\",\"item\":\"https:\\\/\\\/diakonie-shg.de\\\/de-de\\\/ueber-uns\\\/einrichtungen\\\/\"},{\"@type\":\"ListItem\",\"position\":4,\"name\":\"SeniorenQuartier Josua Stegmann\"}]},{\"@type\":\"WebSite\",\"@id\":\"https:\\\/\\\/diakonie-shg.de\\\/de-de\\\/#website\",\"url\":\"https:\\\/\\\/diakonie-shg.de\\\/de-de\\\/\",\"name\":\"Diakonie Schaumburger Land gGmbH\",\"description\":\"Zusammenschluss von vier diakonischen Schaumburger Pflegeeinrichtungen\",\"publisher\":{\"@id\":\"https:\\\/\\\/diakonie-shg.de\\\/de-de\\\/#organization\"},\"potentialAction\":[{\"@type\":\"SearchAction\",\"target\":{\"@type\":\"EntryPoint\",\"urlTemplate\":\"https:\\\/\\\/diakonie-shg.de\\\/de-de\\\/?s={search_term_string}\"},\"query-input\":{\"@type\":\"PropertyValueSpecification\",\"valueRequired\":true,\"valueName\":\"search_term_string\"}}],\"inLanguage\":\"de-LE\"},{\"@type\":\"Organization\",\"@id\":\"https:\\\/\\\/diakonie-shg.de\\\/de-de\\\/#organization\",\"name\":\"Diakonie Schaumburger Land gGmbH\",\"url\":\"https:\\\/\\\/diakonie-shg.de\\\/de-de\\\/\",\"logo\":{\"@type\":\"ImageObject\",\"inLanguage\":\"de-LE\",\"@id\":\"https:\\\/\\\/diakonie-shg.de\\\/de-de\\\/#\\\/schema\\\/logo\\\/image\\\/\",\"url\":\"https:\\\/\\\/diakonie-shg.de\\\/wp-content\\\/uploads\\\/2024\\\/09\\\/20230105_Logo_Holding.svg\",\"contentUrl\":\"https:\\\/\\\/diakonie-shg.de\\\/wp-content\\\/uploads\\\/2024\\\/09\\\/20230105_Logo_Holding.svg\",\"width\":\"1024\",\"height\":\"1024\",\"caption\":\"Diakonie Schaumburger Land gGmbH\"},\"image\":{\"@id\":\"https:\\\/\\\/diakonie-shg.de\\\/de-de\\\/#\\\/schema\\\/logo\\\/image\\\/\"}}]}<\/script>\n<!-- \/ Yoast SEO plugin. -->","yoast_head_json":{"title":"SeniorenQuartier Josua Stegmann - Diakonie Schaumburger Land gGmbH","robots":{"index":"index","follow":"follow","max-snippet":"max-snippet:-1","max-image-preview":"max-image-preview:large","max-video-preview":"max-video-preview:-1"},"canonical":"https:\/\/diakonie-shg.de\/de-de\/ueber-uns\/einrichtungen\/sqjs\/","og_locale":"de_DE","og_type":"article","og_title":"SeniorenQuartier Josua Stegmann - Diakonie Schaumburger Land gGmbH","og_description":"Das SeniorenQuartier Josua Stegmann: hell, freundlich und famili\u00e4r Das\u00a0Pflege- und Wohnheim\u00a0liegt in einem ruhigen Wohngebiet, nicht weit vom Stadtzentrum von\u00a0Stadthagen\u00a0entfernt. Das\u00a0SeniorenQuartier Josua Stegmann\u00a0ist eine moderne und gepflegte Wohnanlage. Seit der Er\u00f6ffnung im Jahr\u00a01968\u00a0wird sie immer wieder erweitert und erneuert. Die R\u00e4ume sind&nbsp;hell und freundlich. Besucher f\u00fchlen sich sofort wohl. F\u00fcr die \u00e4lteren Menschen, die hier [&hellip;]","og_url":"https:\/\/diakonie-shg.de\/de-de\/ueber-uns\/einrichtungen\/sqjs\/","og_site_name":"Diakonie Schaumburger Land gGmbH","article_modified_time":"2025-04-10T13:12:54+00:00","og_image":[{"width":1920,"height":1280,"url":"https:\/\/diakonie-shg.de\/wp-content\/uploads\/2024\/07\/seniorenquartier_js.jpg","type":"image\/jpeg"}],"twitter_card":"summary_large_image","twitter_misc":{"Est. reading time":"5 minutes"},"schema":{"@context":"https:\/\/schema.org","@graph":[{"@type":"WebPage","@id":"https:\/\/diakonie-shg.de\/de-de\/ueber-uns\/einrichtungen\/sqjs\/","url":"https:\/\/diakonie-shg.de\/de-de\/ueber-uns\/einrichtungen\/sqjs\/","name":"SeniorenQuartier Josua Stegmann - Diakonie Schaumburger Land gGmbH","isPartOf":{"@id":"https:\/\/diakonie-shg.de\/de-de\/#website"},"primaryImageOfPage":{"@id":"https:\/\/diakonie-shg.de\/de-de\/ueber-uns\/einrichtungen\/sqjs\/#primaryimage"},"image":{"@id":"https:\/\/diakonie-shg.de\/de-de\/ueber-uns\/einrichtungen\/sqjs\/#primaryimage"},"thumbnailUrl":"https:\/\/diakonie-shg.de\/wp-content\/uploads\/2024\/07\/seniorenquartier_js.jpg","datePublished":"2024-04-16T12:38:13+00:00","dateModified":"2025-04-10T13:12:54+00:00","breadcrumb":{"@id":"https:\/\/diakonie-shg.de\/de-de\/ueber-uns\/einrichtungen\/sqjs\/#breadcrumb"},"inLanguage":"de-LE","potentialAction":[{"@type":"ReadAction","target":["https:\/\/diakonie-shg.de\/de-de\/ueber-uns\/einrichtungen\/sqjs\/"]}]},{"@type":"ImageObject","inLanguage":"de-LE","@id":"https:\/\/diakonie-shg.de\/de-de\/ueber-uns\/einrichtungen\/sqjs\/#primaryimage","url":"https:\/\/diakonie-shg.de\/wp-content\/uploads\/2024\/07\/seniorenquartier_js.jpg","contentUrl":"https:\/\/diakonie-shg.de\/wp-content\/uploads\/2024\/07\/seniorenquartier_js.jpg","width":1920,"height":1280,"caption":"begr\u00fcnter Innenhof des"},{"@type":"BreadcrumbList","@id":"https:\/\/diakonie-shg.de\/de-de\/ueber-uns\/einrichtungen\/sqjs\/#breadcrumb","itemListElement":[{"@type":"ListItem","position":1,"name":"Startseite","item":"https:\/\/diakonie-shg.de\/de-de\/"},{"@type":"ListItem","position":2,"name":"\u00dcber uns","item":"https:\/\/diakonie-shg.de\/de-de\/ueber-uns\/"},{"@type":"ListItem","position":3,"name":"Einrichtungen","item":"https:\/\/diakonie-shg.de\/de-de\/ueber-uns\/einrichtungen\/"},{"@type":"ListItem","position":4,"name":"SeniorenQuartier Josua Stegmann"}]},{"@type":"WebSite","@id":"https:\/\/diakonie-shg.de\/de-de\/#website","url":"https:\/\/diakonie-shg.de\/de-de\/","name":"Diakonie Schaumburger Land gGmbH","description":"Zusammenschluss von vier diakonischen Schaumburger Pflegeeinrichtungen","publisher":{"@id":"https:\/\/diakonie-shg.de\/de-de\/#organization"},"potentialAction":[{"@type":"SearchAction","target":{"@type":"EntryPoint","urlTemplate":"https:\/\/diakonie-shg.de\/de-de\/?s={search_term_string}"},"query-input":{"@type":"PropertyValueSpecification","valueRequired":true,"valueName":"search_term_string"}}],"inLanguage":"de-LE"},{"@type":"Organization","@id":"https:\/\/diakonie-shg.de\/de-de\/#organization","name":"Diakonie Schaumburger Land gGmbH","url":"https:\/\/diakonie-shg.de\/de-de\/","logo":{"@type":"ImageObject","inLanguage":"de-LE","@id":"https:\/\/diakonie-shg.de\/de-de\/#\/schema\/logo\/image\/","url":"https:\/\/diakonie-shg.de\/wp-content\/uploads\/2024\/09\/20230105_Logo_Holding.svg","contentUrl":"https:\/\/diakonie-shg.de\/wp-content\/uploads\/2024\/09\/20230105_Logo_Holding.svg","width":"1024","height":"1024","caption":"Diakonie Schaumburger Land gGmbH"},"image":{"@id":"https:\/\/diakonie-shg.de\/de-de\/#\/schema\/logo\/image\/"}}]}},"campaignId":"","_links":{"self":[{"href":"https:\/\/diakonie-shg.de\/de-de\/wp-json\/wp\/v2\/pages\/1509","targetHints":{"allow":["GET"]}}],"collection":[{"href":"https:\/\/diakonie-shg.de\/de-de\/wp-json\/wp\/v2\/pages"}],"about":[{"href":"https:\/\/diakonie-shg.de\/de-de\/wp-json\/wp\/v2\/types\/page"}],"author":[{"embeddable":true,"href":"https:\/\/diakonie-shg.de\/de-de\/wp-json\/wp\/v2\/users\/1"}],"replies":[{"embeddable":true,"href":"https:\/\/diakonie-shg.de\/de-de\/wp-json\/wp\/v2\/comments?post=1509"}],"version-history":[{"count":4,"href":"https:\/\/diakonie-shg.de\/de-de\/wp-json\/wp\/v2\/pages\/1509\/revisions"}],"predecessor-version":[{"id":5385,"href":"https:\/\/diakonie-shg.de\/de-de\/wp-json\/wp\/v2\/pages\/1509\/revisions\/5385"}],"up":[{"embeddable":true,"href":"https:\/\/diakonie-shg.de\/de-de\/wp-json\/wp\/v2\/pages\/1501"}],"wp:featuredmedia":[{"embeddable":true,"href":"https:\/\/diakonie-shg.de\/de-de\/wp-json\/wp\/v2\/media\/1349"}],"wp:attachment":[{"href":"https:\/\/diakonie-shg.de\/de-de\/wp-json\/wp\/v2\/media?parent=1509"}],"curies":[{"name":"wp","href":"https:\/\/api.w.org\/{rel}","templated":true}]}}