{"id":1507,"date":"2024-06-11T10:12:01","date_gmt":"2024-06-11T09:12:01","guid":{"rendered":"https:\/\/diakonie-shg.de\/ueber-uns\/einrichtungen\/diakonie-pflegedienst\/"},"modified":"2025-04-10T14:51:39","modified_gmt":"2025-04-10T13:51:39","slug":"diakonie-pflegedienst","status":"publish","type":"page","link":"https:\/\/diakonie-shg.de\/de-de\/ueber-uns\/einrichtungen\/diakonie-pflegedienst\/","title":{"rendered":"Diakonie-Pflegedienst Schaumburg gGmbH"},"content":{"rendered":"\n<p><strong>Unsere Aufgabe: Wir helfen Menschen im Alltag<\/strong><\/p>\n\n\n\n<p>Wir setzen uns f\u00fcr Gerechtigkeit ein. Besonders f\u00fcr Menschen, die Hilfe brauchen. Jeder Mensch ist wertvoll. Egal, was er kann oder nicht kann.<\/p>\n\n\n\n<p>Unser Ziel ist es, Menschen zu verstehen und sie zu unterst\u00fctzen. Jeder soll selbst \u00fcber sein Leben entscheiden k\u00f6nnen. Wir helfen Menschen in jedem Alter. Wir helfen zu Hause.<\/p>\n\n\n\n<p><strong>Pflege mit Herz und Fachwissen<\/strong><\/p>\n\n\n\n<p>Wir helfen, wenn jemand Pflege braucht. Unsere Teams bestehen aus vielen Fachleuten:<\/p>\n\n\n\n<ul class=\"wp-block-list\">\n<li>Pflegekr\u00e4fte<\/li>\n\n\n\n<li>Helfer in Haus und Betreuung<\/li>\n\n\n\n<li>P\u00e4dagogen<\/li>\n\n\n\n<li>Mitarbeiter in der Verwaltung<\/li>\n<\/ul>\n\n\n\n<p>Wir arbeiten mit Verantwortung und Herz. Wir richten uns nach den W\u00fcnschen der Menschen. Ihr Wohlbefinden und ihre Zufriedenheit ist unser Ziel.<\/p>\n\n\n\n<p><strong>Gute Zusammenarbeit und neue Ideen<\/strong><\/p>\n\n\n\n<p>Die Pflege ver\u00e4ndert sich. Wir passen uns an. Unser Team arbeitet eng zusammen. Auch mit anderen Fachleuten. Respekt und gute Gespr\u00e4che sind uns wichtig.<\/p>\n\n\n\n<p><strong>Wachsen und besser werden<\/strong><\/p>\n\n\n\n<p>Seit 2009 gibt es unseren Standort in Sachsenhagen. Seit 2016 auch in Bad Eilsen und Meerbeck. Diese Standorte geh\u00f6ren zur Kirche (n\u00e4mlich den ev.-luth. Kirchengemeinden B\u00fcckeburg, Meerbeck, Sachsenhagen und S\u00fclbeck). Unsere Pflege ist christlich. Wir entwickeln uns weiter und finden neue Wege. Immer mit Respekt und F\u00fcrsorge f\u00fcr die Menschen.<\/p>\n","protected":false},"excerpt":{"rendered":"<p>Unsere Aufgabe: Wir helfen Menschen im Alltag Wir setzen uns f\u00fcr Gerechtigkeit ein. Besonders f\u00fcr Menschen, die Hilfe brauchen. Jeder Mensch ist wertvoll. Egal, was er kann oder nicht kann. Unser Ziel ist es, Menschen zu verstehen und sie zu unterst\u00fctzen. Jeder soll selbst \u00fcber sein Leben entscheiden k\u00f6nnen. Wir helfen Menschen in jedem Alter. [&hellip;]<\/p>\n","protected":false},"author":1,"featured_media":1341,"parent":1501,"menu_order":0,"comment_status":"closed","ping_status":"closed","template":"","meta":{"give_campaign_id":0,"inline_featured_image":false,"footnotes":""},"class_list":["post-1507","page","type-page","status-publish","has-post-thumbnail","hentry"],"yoast_head":"<!-- This site is optimized with the Yoast SEO plugin v27.3 - https:\/\/yoast.com\/product\/yoast-seo-wordpress\/ -->\n<title>Diakonie-Pflegedienst Schaumburg gGmbH - Diakonie Schaumburger Land gGmbH<\/title>\n<meta name=\"robots\" content=\"index, follow, max-snippet:-1, max-image-preview:large, max-video-preview:-1\" \/>\n<link rel=\"canonical\" href=\"https:\/\/diakonie-shg.de\/de-de\/ueber-uns\/einrichtungen\/diakonie-pflegedienst\/\" \/>\n<meta property=\"og:locale\" content=\"de_DE\" \/>\n<meta property=\"og:type\" content=\"article\" \/>\n<meta property=\"og:title\" content=\"Diakonie-Pflegedienst Schaumburg gGmbH - Diakonie Schaumburger Land gGmbH\" \/>\n<meta property=\"og:description\" content=\"Unsere Aufgabe: Wir helfen Menschen im Alltag Wir setzen uns f\u00fcr Gerechtigkeit ein. Besonders f\u00fcr Menschen, die Hilfe brauchen. Jeder Mensch ist wertvoll. Egal, was er kann oder nicht kann. Unser Ziel ist es, Menschen zu verstehen und sie zu unterst\u00fctzen. Jeder soll selbst \u00fcber sein Leben entscheiden k\u00f6nnen. Wir helfen Menschen in jedem Alter. [&hellip;]\" \/>\n<meta property=\"og:url\" content=\"https:\/\/diakonie-shg.de\/de-de\/ueber-uns\/einrichtungen\/diakonie-pflegedienst\/\" \/>\n<meta property=\"og:site_name\" content=\"Diakonie Schaumburger Land gGmbH\" \/>\n<meta property=\"article:modified_time\" content=\"2025-04-10T13:51:39+00:00\" \/>\n<meta property=\"og:image\" content=\"https:\/\/diakonie-shg.de\/wp-content\/uploads\/2024\/07\/dpd_ahnsen_aussen.jpg\" \/>\n\t<meta property=\"og:image:width\" content=\"1920\" \/>\n\t<meta property=\"og:image:height\" content=\"1280\" \/>\n\t<meta property=\"og:image:type\" content=\"image\/jpeg\" \/>\n<meta name=\"twitter:card\" content=\"summary_large_image\" \/>\n<meta name=\"twitter:label1\" content=\"Est. reading time\" \/>\n\t<meta name=\"twitter:data1\" content=\"4 minutes\" \/>\n<script type=\"application\/ld+json\" class=\"yoast-schema-graph\">{\"@context\":\"https:\\\/\\\/schema.org\",\"@graph\":[{\"@type\":\"WebPage\",\"@id\":\"https:\\\/\\\/diakonie-shg.de\\\/de-de\\\/ueber-uns\\\/einrichtungen\\\/diakonie-pflegedienst\\\/\",\"url\":\"https:\\\/\\\/diakonie-shg.de\\\/de-de\\\/ueber-uns\\\/einrichtungen\\\/diakonie-pflegedienst\\\/\",\"name\":\"Diakonie-Pflegedienst Schaumburg gGmbH - Diakonie Schaumburger Land gGmbH\",\"isPartOf\":{\"@id\":\"https:\\\/\\\/diakonie-shg.de\\\/de-de\\\/#website\"},\"primaryImageOfPage\":{\"@id\":\"https:\\\/\\\/diakonie-shg.de\\\/de-de\\\/ueber-uns\\\/einrichtungen\\\/diakonie-pflegedienst\\\/#primaryimage\"},\"image\":{\"@id\":\"https:\\\/\\\/diakonie-shg.de\\\/de-de\\\/ueber-uns\\\/einrichtungen\\\/diakonie-pflegedienst\\\/#primaryimage\"},\"thumbnailUrl\":\"https:\\\/\\\/diakonie-shg.de\\\/wp-content\\\/uploads\\\/2024\\\/07\\\/dpd_ahnsen_aussen.jpg\",\"datePublished\":\"2024-06-11T09:12:01+00:00\",\"dateModified\":\"2025-04-10T13:51:39+00:00\",\"breadcrumb\":{\"@id\":\"https:\\\/\\\/diakonie-shg.de\\\/de-de\\\/ueber-uns\\\/einrichtungen\\\/diakonie-pflegedienst\\\/#breadcrumb\"},\"inLanguage\":\"de-LE\",\"potentialAction\":[{\"@type\":\"ReadAction\",\"target\":[\"https:\\\/\\\/diakonie-shg.de\\\/de-de\\\/ueber-uns\\\/einrichtungen\\\/diakonie-pflegedienst\\\/\"]}]},{\"@type\":\"ImageObject\",\"inLanguage\":\"de-LE\",\"@id\":\"https:\\\/\\\/diakonie-shg.de\\\/de-de\\\/ueber-uns\\\/einrichtungen\\\/diakonie-pflegedienst\\\/#primaryimage\",\"url\":\"https:\\\/\\\/diakonie-shg.de\\\/wp-content\\\/uploads\\\/2024\\\/07\\\/dpd_ahnsen_aussen.jpg\",\"contentUrl\":\"https:\\\/\\\/diakonie-shg.de\\\/wp-content\\\/uploads\\\/2024\\\/07\\\/dpd_ahnsen_aussen.jpg\",\"width\":1920,\"height\":1280,\"caption\":\"Eingangsbereich vom Diakonie Pflegedienst Schaumburg in Ahnsen\"},{\"@type\":\"BreadcrumbList\",\"@id\":\"https:\\\/\\\/diakonie-shg.de\\\/de-de\\\/ueber-uns\\\/einrichtungen\\\/diakonie-pflegedienst\\\/#breadcrumb\",\"itemListElement\":[{\"@type\":\"ListItem\",\"position\":1,\"name\":\"Startseite\",\"item\":\"https:\\\/\\\/diakonie-shg.de\\\/de-de\\\/\"},{\"@type\":\"ListItem\",\"position\":2,\"name\":\"\u00dcber uns\",\"item\":\"https:\\\/\\\/diakonie-shg.de\\\/de-de\\\/ueber-uns\\\/\"},{\"@type\":\"ListItem\",\"position\":3,\"name\":\"Einrichtungen\",\"item\":\"https:\\\/\\\/diakonie-shg.de\\\/de-de\\\/ueber-uns\\\/einrichtungen\\\/\"},{\"@type\":\"ListItem\",\"position\":4,\"name\":\"Diakonie-Pflegedienst Schaumburg gGmbH\"}]},{\"@type\":\"WebSite\",\"@id\":\"https:\\\/\\\/diakonie-shg.de\\\/de-de\\\/#website\",\"url\":\"https:\\\/\\\/diakonie-shg.de\\\/de-de\\\/\",\"name\":\"Diakonie Schaumburger Land gGmbH\",\"description\":\"Zusammenschluss von vier diakonischen Schaumburger Pflegeeinrichtungen\",\"publisher\":{\"@id\":\"https:\\\/\\\/diakonie-shg.de\\\/de-de\\\/#organization\"},\"potentialAction\":[{\"@type\":\"SearchAction\",\"target\":{\"@type\":\"EntryPoint\",\"urlTemplate\":\"https:\\\/\\\/diakonie-shg.de\\\/de-de\\\/?s={search_term_string}\"},\"query-input\":{\"@type\":\"PropertyValueSpecification\",\"valueRequired\":true,\"valueName\":\"search_term_string\"}}],\"inLanguage\":\"de-LE\"},{\"@type\":\"Organization\",\"@id\":\"https:\\\/\\\/diakonie-shg.de\\\/de-de\\\/#organization\",\"name\":\"Diakonie Schaumburger Land gGmbH\",\"url\":\"https:\\\/\\\/diakonie-shg.de\\\/de-de\\\/\",\"logo\":{\"@type\":\"ImageObject\",\"inLanguage\":\"de-LE\",\"@id\":\"https:\\\/\\\/diakonie-shg.de\\\/de-de\\\/#\\\/schema\\\/logo\\\/image\\\/\",\"url\":\"https:\\\/\\\/diakonie-shg.de\\\/wp-content\\\/uploads\\\/2024\\\/09\\\/20230105_Logo_Holding.svg\",\"contentUrl\":\"https:\\\/\\\/diakonie-shg.de\\\/wp-content\\\/uploads\\\/2024\\\/09\\\/20230105_Logo_Holding.svg\",\"width\":\"1024\",\"height\":\"1024\",\"caption\":\"Diakonie Schaumburger Land gGmbH\"},\"image\":{\"@id\":\"https:\\\/\\\/diakonie-shg.de\\\/de-de\\\/#\\\/schema\\\/logo\\\/image\\\/\"}}]}<\/script>\n<!-- \/ Yoast SEO plugin. -->","yoast_head_json":{"title":"Diakonie-Pflegedienst Schaumburg gGmbH - Diakonie Schaumburger Land gGmbH","robots":{"index":"index","follow":"follow","max-snippet":"max-snippet:-1","max-image-preview":"max-image-preview:large","max-video-preview":"max-video-preview:-1"},"canonical":"https:\/\/diakonie-shg.de\/de-de\/ueber-uns\/einrichtungen\/diakonie-pflegedienst\/","og_locale":"de_DE","og_type":"article","og_title":"Diakonie-Pflegedienst Schaumburg gGmbH - Diakonie Schaumburger Land gGmbH","og_description":"Unsere Aufgabe: Wir helfen Menschen im Alltag Wir setzen uns f\u00fcr Gerechtigkeit ein. Besonders f\u00fcr Menschen, die Hilfe brauchen. Jeder Mensch ist wertvoll. Egal, was er kann oder nicht kann. Unser Ziel ist es, Menschen zu verstehen und sie zu unterst\u00fctzen. Jeder soll selbst \u00fcber sein Leben entscheiden k\u00f6nnen. Wir helfen Menschen in jedem Alter. [&hellip;]","og_url":"https:\/\/diakonie-shg.de\/de-de\/ueber-uns\/einrichtungen\/diakonie-pflegedienst\/","og_site_name":"Diakonie Schaumburger Land gGmbH","article_modified_time":"2025-04-10T13:51:39+00:00","og_image":[{"width":1920,"height":1280,"url":"https:\/\/diakonie-shg.de\/wp-content\/uploads\/2024\/07\/dpd_ahnsen_aussen.jpg","type":"image\/jpeg"}],"twitter_card":"summary_large_image","twitter_misc":{"Est. reading time":"4 minutes"},"schema":{"@context":"https:\/\/schema.org","@graph":[{"@type":"WebPage","@id":"https:\/\/diakonie-shg.de\/de-de\/ueber-uns\/einrichtungen\/diakonie-pflegedienst\/","url":"https:\/\/diakonie-shg.de\/de-de\/ueber-uns\/einrichtungen\/diakonie-pflegedienst\/","name":"Diakonie-Pflegedienst Schaumburg gGmbH - Diakonie Schaumburger Land gGmbH","isPartOf":{"@id":"https:\/\/diakonie-shg.de\/de-de\/#website"},"primaryImageOfPage":{"@id":"https:\/\/diakonie-shg.de\/de-de\/ueber-uns\/einrichtungen\/diakonie-pflegedienst\/#primaryimage"},"image":{"@id":"https:\/\/diakonie-shg.de\/de-de\/ueber-uns\/einrichtungen\/diakonie-pflegedienst\/#primaryimage"},"thumbnailUrl":"https:\/\/diakonie-shg.de\/wp-content\/uploads\/2024\/07\/dpd_ahnsen_aussen.jpg","datePublished":"2024-06-11T09:12:01+00:00","dateModified":"2025-04-10T13:51:39+00:00","breadcrumb":{"@id":"https:\/\/diakonie-shg.de\/de-de\/ueber-uns\/einrichtungen\/diakonie-pflegedienst\/#breadcrumb"},"inLanguage":"de-LE","potentialAction":[{"@type":"ReadAction","target":["https:\/\/diakonie-shg.de\/de-de\/ueber-uns\/einrichtungen\/diakonie-pflegedienst\/"]}]},{"@type":"ImageObject","inLanguage":"de-LE","@id":"https:\/\/diakonie-shg.de\/de-de\/ueber-uns\/einrichtungen\/diakonie-pflegedienst\/#primaryimage","url":"https:\/\/diakonie-shg.de\/wp-content\/uploads\/2024\/07\/dpd_ahnsen_aussen.jpg","contentUrl":"https:\/\/diakonie-shg.de\/wp-content\/uploads\/2024\/07\/dpd_ahnsen_aussen.jpg","width":1920,"height":1280,"caption":"Eingangsbereich vom Diakonie Pflegedienst Schaumburg in Ahnsen"},{"@type":"BreadcrumbList","@id":"https:\/\/diakonie-shg.de\/de-de\/ueber-uns\/einrichtungen\/diakonie-pflegedienst\/#breadcrumb","itemListElement":[{"@type":"ListItem","position":1,"name":"Startseite","item":"https:\/\/diakonie-shg.de\/de-de\/"},{"@type":"ListItem","position":2,"name":"\u00dcber uns","item":"https:\/\/diakonie-shg.de\/de-de\/ueber-uns\/"},{"@type":"ListItem","position":3,"name":"Einrichtungen","item":"https:\/\/diakonie-shg.de\/de-de\/ueber-uns\/einrichtungen\/"},{"@type":"ListItem","position":4,"name":"Diakonie-Pflegedienst Schaumburg gGmbH"}]},{"@type":"WebSite","@id":"https:\/\/diakonie-shg.de\/de-de\/#website","url":"https:\/\/diakonie-shg.de\/de-de\/","name":"Diakonie Schaumburger Land gGmbH","description":"Zusammenschluss von vier diakonischen Schaumburger Pflegeeinrichtungen","publisher":{"@id":"https:\/\/diakonie-shg.de\/de-de\/#organization"},"potentialAction":[{"@type":"SearchAction","target":{"@type":"EntryPoint","urlTemplate":"https:\/\/diakonie-shg.de\/de-de\/?s={search_term_string}"},"query-input":{"@type":"PropertyValueSpecification","valueRequired":true,"valueName":"search_term_string"}}],"inLanguage":"de-LE"},{"@type":"Organization","@id":"https:\/\/diakonie-shg.de\/de-de\/#organization","name":"Diakonie Schaumburger Land gGmbH","url":"https:\/\/diakonie-shg.de\/de-de\/","logo":{"@type":"ImageObject","inLanguage":"de-LE","@id":"https:\/\/diakonie-shg.de\/de-de\/#\/schema\/logo\/image\/","url":"https:\/\/diakonie-shg.de\/wp-content\/uploads\/2024\/09\/20230105_Logo_Holding.svg","contentUrl":"https:\/\/diakonie-shg.de\/wp-content\/uploads\/2024\/09\/20230105_Logo_Holding.svg","width":"1024","height":"1024","caption":"Diakonie Schaumburger Land gGmbH"},"image":{"@id":"https:\/\/diakonie-shg.de\/de-de\/#\/schema\/logo\/image\/"}}]}},"campaignId":"","_links":{"self":[{"href":"https:\/\/diakonie-shg.de\/de-de\/wp-json\/wp\/v2\/pages\/1507","targetHints":{"allow":["GET"]}}],"collection":[{"href":"https:\/\/diakonie-shg.de\/de-de\/wp-json\/wp\/v2\/pages"}],"about":[{"href":"https:\/\/diakonie-shg.de\/de-de\/wp-json\/wp\/v2\/types\/page"}],"author":[{"embeddable":true,"href":"https:\/\/diakonie-shg.de\/de-de\/wp-json\/wp\/v2\/users\/1"}],"replies":[{"embeddable":true,"href":"https:\/\/diakonie-shg.de\/de-de\/wp-json\/wp\/v2\/comments?post=1507"}],"version-history":[{"count":5,"href":"https:\/\/diakonie-shg.de\/de-de\/wp-json\/wp\/v2\/pages\/1507\/revisions"}],"predecessor-version":[{"id":5409,"href":"https:\/\/diakonie-shg.de\/de-de\/wp-json\/wp\/v2\/pages\/1507\/revisions\/5409"}],"up":[{"embeddable":true,"href":"https:\/\/diakonie-shg.de\/de-de\/wp-json\/wp\/v2\/pages\/1501"}],"wp:featuredmedia":[{"embeddable":true,"href":"https:\/\/diakonie-shg.de\/de-de\/wp-json\/wp\/v2\/media\/1341"}],"wp:attachment":[{"href":"https:\/\/diakonie-shg.de\/de-de\/wp-json\/wp\/v2\/media?parent=1507"}],"curies":[{"name":"wp","href":"https:\/\/api.w.org\/{rel}","templated":true}]}}