{"id":1477,"date":"2024-04-16T13:09:20","date_gmt":"2024-04-16T12:09:20","guid":{"rendered":"https:\/\/diakonie-shg.de\/leistungen\/zentrale-dienste\/pflege-und-gesundheit\/"},"modified":"2025-04-10T12:05:28","modified_gmt":"2025-04-10T11:05:28","slug":"pflege-und-gesundheit","status":"publish","type":"page","link":"https:\/\/diakonie-shg.de\/de-de\/leistungen\/pflege-und-gesundheit\/","title":{"rendered":"Pflege und Gesundheit"},"content":{"rendered":"\n<h3 class=\"wp-block-heading\"><strong>Von Menschen f\u00fcr Menschen&nbsp;<\/strong><\/h3>\n\n\n\n<p>Im Alter wird immer deutlicher, wie wichtig Pflege und Gesundheit zusammenh\u00e4ngen. Gute Pflege ist wichtig f\u00fcr die Lebensqualit\u00e4t und das Wohlbefinden \u00e4lterer Menschen.<\/p>\n\n\n\n<p>Es gibt verschiedene M\u00f6glichkeiten der Pflege im Alter. Man kann zu Hause ambulante Pflege bekommen. Es gibt auch teilstation\u00e4re Einrichtungen und vollstation\u00e4re Pflegeheime. Welche Art der Pflege n\u00f6tig ist, h\u00e4ngt davon ab, was der zu pflegende Mensch braucht (individuellen Bed\u00fcrfnisse) und wie schwer die gesundheitlichen Probleme sind. Au\u00dferdem begleiten wir Trauernde und Sterbende durch unseren ambulanten Hospizdienst (Sterbe- und Trauerbegleitung).<\/p>\n\n\n\n<p>Wir leben die christlichen N\u00e4chstenliebe. Das hilft uns, mit Respekt, Mitgef\u00fchl und Menschenw\u00fcrde zu pflegen.<\/p>\n\n\n\n<p>Wenn jeder von uns diese Werte lebt, kann man das Leben \u00e4lterer Menschen positiv beeinflussen und verbessert ihre Gesundheit und ihr Wohlbefinden.<\/p>\n\n\n\n<p>Schauen Sie sich auf den n\u00e4chsten Seiten an, welche Angebote wir haben. Z\u00f6gern Sie nicht, uns bei Fragen anzusprechen.<\/p>\n\n\n\n<p><\/p>\n","protected":false},"excerpt":{"rendered":"<p>Von Menschen f\u00fcr Menschen&nbsp; Im Alter wird immer deutlicher, wie wichtig Pflege und Gesundheit zusammenh\u00e4ngen. Gute Pflege ist wichtig f\u00fcr die Lebensqualit\u00e4t und das Wohlbefinden \u00e4lterer Menschen. Es gibt verschiedene M\u00f6glichkeiten der Pflege im Alter. Man kann zu Hause ambulante Pflege bekommen. Es gibt auch teilstation\u00e4re Einrichtungen und vollstation\u00e4re Pflegeheime. Welche Art der Pflege n\u00f6tig [&hellip;]<\/p>\n","protected":false},"author":1,"featured_media":1339,"parent":1415,"menu_order":0,"comment_status":"closed","ping_status":"closed","template":"","meta":{"give_campaign_id":0,"inline_featured_image":false,"footnotes":""},"class_list":["post-1477","page","type-page","status-publish","has-post-thumbnail","hentry"],"yoast_head":"<!-- This site is optimized with the Yoast SEO plugin v27.4 - https:\/\/yoast.com\/product\/yoast-seo-wordpress\/ -->\n<title>Pflege und Gesundheit - Diakonie Schaumburger Land gGmbH<\/title>\n<meta name=\"robots\" content=\"index, follow, max-snippet:-1, max-image-preview:large, max-video-preview:-1\" \/>\n<link rel=\"canonical\" href=\"https:\/\/diakonie-shg.de\/de-de\/leistungen\/pflege-und-gesundheit\/\" \/>\n<meta property=\"og:locale\" content=\"de_DE\" \/>\n<meta property=\"og:type\" content=\"article\" \/>\n<meta property=\"og:title\" content=\"Pflege und Gesundheit - Diakonie Schaumburger Land gGmbH\" \/>\n<meta property=\"og:description\" content=\"Von Menschen f\u00fcr Menschen&nbsp; Im Alter wird immer deutlicher, wie wichtig Pflege und Gesundheit zusammenh\u00e4ngen. Gute Pflege ist wichtig f\u00fcr die Lebensqualit\u00e4t und das Wohlbefinden \u00e4lterer Menschen. Es gibt verschiedene M\u00f6glichkeiten der Pflege im Alter. Man kann zu Hause ambulante Pflege bekommen. Es gibt auch teilstation\u00e4re Einrichtungen und vollstation\u00e4re Pflegeheime. Welche Art der Pflege n\u00f6tig [&hellip;]\" \/>\n<meta property=\"og:url\" content=\"https:\/\/diakonie-shg.de\/de-de\/leistungen\/pflege-und-gesundheit\/\" \/>\n<meta property=\"og:site_name\" content=\"Diakonie Schaumburger Land gGmbH\" \/>\n<meta property=\"article:modified_time\" content=\"2025-04-10T11:05:28+00:00\" \/>\n<meta property=\"og:image\" content=\"https:\/\/diakonie-shg.de\/wp-content\/uploads\/2024\/05\/pflege.jpg\" \/>\n\t<meta property=\"og:image:width\" content=\"1920\" \/>\n\t<meta property=\"og:image:height\" content=\"1280\" \/>\n\t<meta property=\"og:image:type\" content=\"image\/jpeg\" \/>\n<meta name=\"twitter:card\" content=\"summary_large_image\" \/>\n<meta name=\"twitter:label1\" content=\"Est. reading time\" \/>\n\t<meta name=\"twitter:data1\" content=\"4 minutes\" \/>\n<script type=\"application\/ld+json\" class=\"yoast-schema-graph\">{\"@context\":\"https:\\\/\\\/schema.org\",\"@graph\":[{\"@type\":\"WebPage\",\"@id\":\"https:\\\/\\\/diakonie-shg.de\\\/de-de\\\/leistungen\\\/pflege-und-gesundheit\\\/\",\"url\":\"https:\\\/\\\/diakonie-shg.de\\\/de-de\\\/leistungen\\\/pflege-und-gesundheit\\\/\",\"name\":\"Pflege und Gesundheit - Diakonie Schaumburger Land gGmbH\",\"isPartOf\":{\"@id\":\"https:\\\/\\\/diakonie-shg.de\\\/de-de\\\/#website\"},\"primaryImageOfPage\":{\"@id\":\"https:\\\/\\\/diakonie-shg.de\\\/de-de\\\/leistungen\\\/pflege-und-gesundheit\\\/#primaryimage\"},\"image\":{\"@id\":\"https:\\\/\\\/diakonie-shg.de\\\/de-de\\\/leistungen\\\/pflege-und-gesundheit\\\/#primaryimage\"},\"thumbnailUrl\":\"https:\\\/\\\/diakonie-shg.de\\\/wp-content\\\/uploads\\\/2024\\\/05\\\/pflege.jpg\",\"datePublished\":\"2024-04-16T12:09:20+00:00\",\"dateModified\":\"2025-04-10T11:05:28+00:00\",\"breadcrumb\":{\"@id\":\"https:\\\/\\\/diakonie-shg.de\\\/de-de\\\/leistungen\\\/pflege-und-gesundheit\\\/#breadcrumb\"},\"inLanguage\":\"de-LE\",\"potentialAction\":[{\"@type\":\"ReadAction\",\"target\":[\"https:\\\/\\\/diakonie-shg.de\\\/de-de\\\/leistungen\\\/pflege-und-gesundheit\\\/\"]}]},{\"@type\":\"ImageObject\",\"inLanguage\":\"de-LE\",\"@id\":\"https:\\\/\\\/diakonie-shg.de\\\/de-de\\\/leistungen\\\/pflege-und-gesundheit\\\/#primaryimage\",\"url\":\"https:\\\/\\\/diakonie-shg.de\\\/wp-content\\\/uploads\\\/2024\\\/05\\\/pflege.jpg\",\"contentUrl\":\"https:\\\/\\\/diakonie-shg.de\\\/wp-content\\\/uploads\\\/2024\\\/05\\\/pflege.jpg\",\"width\":1920,\"height\":1280,\"caption\":\"Bild von freepik\"},{\"@type\":\"BreadcrumbList\",\"@id\":\"https:\\\/\\\/diakonie-shg.de\\\/de-de\\\/leistungen\\\/pflege-und-gesundheit\\\/#breadcrumb\",\"itemListElement\":[{\"@type\":\"ListItem\",\"position\":1,\"name\":\"Startseite\",\"item\":\"https:\\\/\\\/diakonie-shg.de\\\/de-de\\\/\"},{\"@type\":\"ListItem\",\"position\":2,\"name\":\"Leistungen\",\"item\":\"https:\\\/\\\/diakonie-shg.de\\\/de-de\\\/leistungen\\\/\"},{\"@type\":\"ListItem\",\"position\":3,\"name\":\"Pflege und Gesundheit\"}]},{\"@type\":\"WebSite\",\"@id\":\"https:\\\/\\\/diakonie-shg.de\\\/de-de\\\/#website\",\"url\":\"https:\\\/\\\/diakonie-shg.de\\\/de-de\\\/\",\"name\":\"Diakonie Schaumburger Land gGmbH\",\"description\":\"Zusammenschluss von vier diakonischen Schaumburger Pflegeeinrichtungen\",\"publisher\":{\"@id\":\"https:\\\/\\\/diakonie-shg.de\\\/de-de\\\/#organization\"},\"potentialAction\":[{\"@type\":\"SearchAction\",\"target\":{\"@type\":\"EntryPoint\",\"urlTemplate\":\"https:\\\/\\\/diakonie-shg.de\\\/de-de\\\/?s={search_term_string}\"},\"query-input\":{\"@type\":\"PropertyValueSpecification\",\"valueRequired\":true,\"valueName\":\"search_term_string\"}}],\"inLanguage\":\"de-LE\"},{\"@type\":\"Organization\",\"@id\":\"https:\\\/\\\/diakonie-shg.de\\\/de-de\\\/#organization\",\"name\":\"Diakonie Schaumburger Land gGmbH\",\"url\":\"https:\\\/\\\/diakonie-shg.de\\\/de-de\\\/\",\"logo\":{\"@type\":\"ImageObject\",\"inLanguage\":\"de-LE\",\"@id\":\"https:\\\/\\\/diakonie-shg.de\\\/de-de\\\/#\\\/schema\\\/logo\\\/image\\\/\",\"url\":\"https:\\\/\\\/diakonie-shg.de\\\/wp-content\\\/uploads\\\/2024\\\/09\\\/20230105_Logo_Holding.svg\",\"contentUrl\":\"https:\\\/\\\/diakonie-shg.de\\\/wp-content\\\/uploads\\\/2024\\\/09\\\/20230105_Logo_Holding.svg\",\"width\":\"1024\",\"height\":\"1024\",\"caption\":\"Diakonie Schaumburger Land gGmbH\"},\"image\":{\"@id\":\"https:\\\/\\\/diakonie-shg.de\\\/de-de\\\/#\\\/schema\\\/logo\\\/image\\\/\"}}]}<\/script>\n<!-- \/ Yoast SEO plugin. -->","yoast_head_json":{"title":"Pflege und Gesundheit - Diakonie Schaumburger Land gGmbH","robots":{"index":"index","follow":"follow","max-snippet":"max-snippet:-1","max-image-preview":"max-image-preview:large","max-video-preview":"max-video-preview:-1"},"canonical":"https:\/\/diakonie-shg.de\/de-de\/leistungen\/pflege-und-gesundheit\/","og_locale":"de_DE","og_type":"article","og_title":"Pflege und Gesundheit - Diakonie Schaumburger Land gGmbH","og_description":"Von Menschen f\u00fcr Menschen&nbsp; Im Alter wird immer deutlicher, wie wichtig Pflege und Gesundheit zusammenh\u00e4ngen. Gute Pflege ist wichtig f\u00fcr die Lebensqualit\u00e4t und das Wohlbefinden \u00e4lterer Menschen. Es gibt verschiedene M\u00f6glichkeiten der Pflege im Alter. Man kann zu Hause ambulante Pflege bekommen. Es gibt auch teilstation\u00e4re Einrichtungen und vollstation\u00e4re Pflegeheime. Welche Art der Pflege n\u00f6tig [&hellip;]","og_url":"https:\/\/diakonie-shg.de\/de-de\/leistungen\/pflege-und-gesundheit\/","og_site_name":"Diakonie Schaumburger Land gGmbH","article_modified_time":"2025-04-10T11:05:28+00:00","og_image":[{"width":1920,"height":1280,"url":"https:\/\/diakonie-shg.de\/wp-content\/uploads\/2024\/05\/pflege.jpg","type":"image\/jpeg"}],"twitter_card":"summary_large_image","twitter_misc":{"Est. reading time":"4 minutes"},"schema":{"@context":"https:\/\/schema.org","@graph":[{"@type":"WebPage","@id":"https:\/\/diakonie-shg.de\/de-de\/leistungen\/pflege-und-gesundheit\/","url":"https:\/\/diakonie-shg.de\/de-de\/leistungen\/pflege-und-gesundheit\/","name":"Pflege und Gesundheit - Diakonie Schaumburger Land gGmbH","isPartOf":{"@id":"https:\/\/diakonie-shg.de\/de-de\/#website"},"primaryImageOfPage":{"@id":"https:\/\/diakonie-shg.de\/de-de\/leistungen\/pflege-und-gesundheit\/#primaryimage"},"image":{"@id":"https:\/\/diakonie-shg.de\/de-de\/leistungen\/pflege-und-gesundheit\/#primaryimage"},"thumbnailUrl":"https:\/\/diakonie-shg.de\/wp-content\/uploads\/2024\/05\/pflege.jpg","datePublished":"2024-04-16T12:09:20+00:00","dateModified":"2025-04-10T11:05:28+00:00","breadcrumb":{"@id":"https:\/\/diakonie-shg.de\/de-de\/leistungen\/pflege-und-gesundheit\/#breadcrumb"},"inLanguage":"de-LE","potentialAction":[{"@type":"ReadAction","target":["https:\/\/diakonie-shg.de\/de-de\/leistungen\/pflege-und-gesundheit\/"]}]},{"@type":"ImageObject","inLanguage":"de-LE","@id":"https:\/\/diakonie-shg.de\/de-de\/leistungen\/pflege-und-gesundheit\/#primaryimage","url":"https:\/\/diakonie-shg.de\/wp-content\/uploads\/2024\/05\/pflege.jpg","contentUrl":"https:\/\/diakonie-shg.de\/wp-content\/uploads\/2024\/05\/pflege.jpg","width":1920,"height":1280,"caption":"Bild von freepik"},{"@type":"BreadcrumbList","@id":"https:\/\/diakonie-shg.de\/de-de\/leistungen\/pflege-und-gesundheit\/#breadcrumb","itemListElement":[{"@type":"ListItem","position":1,"name":"Startseite","item":"https:\/\/diakonie-shg.de\/de-de\/"},{"@type":"ListItem","position":2,"name":"Leistungen","item":"https:\/\/diakonie-shg.de\/de-de\/leistungen\/"},{"@type":"ListItem","position":3,"name":"Pflege und Gesundheit"}]},{"@type":"WebSite","@id":"https:\/\/diakonie-shg.de\/de-de\/#website","url":"https:\/\/diakonie-shg.de\/de-de\/","name":"Diakonie Schaumburger Land gGmbH","description":"Zusammenschluss von vier diakonischen Schaumburger Pflegeeinrichtungen","publisher":{"@id":"https:\/\/diakonie-shg.de\/de-de\/#organization"},"potentialAction":[{"@type":"SearchAction","target":{"@type":"EntryPoint","urlTemplate":"https:\/\/diakonie-shg.de\/de-de\/?s={search_term_string}"},"query-input":{"@type":"PropertyValueSpecification","valueRequired":true,"valueName":"search_term_string"}}],"inLanguage":"de-LE"},{"@type":"Organization","@id":"https:\/\/diakonie-shg.de\/de-de\/#organization","name":"Diakonie Schaumburger Land gGmbH","url":"https:\/\/diakonie-shg.de\/de-de\/","logo":{"@type":"ImageObject","inLanguage":"de-LE","@id":"https:\/\/diakonie-shg.de\/de-de\/#\/schema\/logo\/image\/","url":"https:\/\/diakonie-shg.de\/wp-content\/uploads\/2024\/09\/20230105_Logo_Holding.svg","contentUrl":"https:\/\/diakonie-shg.de\/wp-content\/uploads\/2024\/09\/20230105_Logo_Holding.svg","width":"1024","height":"1024","caption":"Diakonie Schaumburger Land gGmbH"},"image":{"@id":"https:\/\/diakonie-shg.de\/de-de\/#\/schema\/logo\/image\/"}}]}},"campaignId":"","_links":{"self":[{"href":"https:\/\/diakonie-shg.de\/de-de\/wp-json\/wp\/v2\/pages\/1477","targetHints":{"allow":["GET"]}}],"collection":[{"href":"https:\/\/diakonie-shg.de\/de-de\/wp-json\/wp\/v2\/pages"}],"about":[{"href":"https:\/\/diakonie-shg.de\/de-de\/wp-json\/wp\/v2\/types\/page"}],"author":[{"embeddable":true,"href":"https:\/\/diakonie-shg.de\/de-de\/wp-json\/wp\/v2\/users\/1"}],"replies":[{"embeddable":true,"href":"https:\/\/diakonie-shg.de\/de-de\/wp-json\/wp\/v2\/comments?post=1477"}],"version-history":[{"count":4,"href":"https:\/\/diakonie-shg.de\/de-de\/wp-json\/wp\/v2\/pages\/1477\/revisions"}],"predecessor-version":[{"id":5342,"href":"https:\/\/diakonie-shg.de\/de-de\/wp-json\/wp\/v2\/pages\/1477\/revisions\/5342"}],"up":[{"embeddable":true,"href":"https:\/\/diakonie-shg.de\/de-de\/wp-json\/wp\/v2\/pages\/1415"}],"wp:featuredmedia":[{"embeddable":true,"href":"https:\/\/diakonie-shg.de\/de-de\/wp-json\/wp\/v2\/media\/1339"}],"wp:attachment":[{"href":"https:\/\/diakonie-shg.de\/de-de\/wp-json\/wp\/v2\/media?parent=1477"}],"curies":[{"name":"wp","href":"https:\/\/api.w.org\/{rel}","templated":true}]}}