{"id":1464,"date":"2024-04-16T13:07:47","date_gmt":"2024-04-16T12:07:47","guid":{"rendered":"https:\/\/diakonie-shg.de\/leistungen\/akademie\/"},"modified":"2025-04-10T12:45:48","modified_gmt":"2025-04-10T11:45:48","slug":"akademie","status":"publish","type":"page","link":"https:\/\/diakonie-shg.de\/de-de\/leistungen\/akademie\/","title":{"rendered":"Akademie"},"content":{"rendered":"\n<p>Seit dem Jahr 2023 gibt es die <strong>Akademie Josua Stegmann<\/strong>. Sie hat das Ziel, <strong>relevante Informationen gut verst\u00e4ndlich in Form von Vortr\u00e4gen<\/strong> zu vermitteln. Diese Vortr\u00e4ge sind \u00f6ffentlich und f\u00fcr jedermann zug\u00e4nglich. Teilweise ist vorher eine Anmeldung erforderlich. Mehr Informationen dazu gibt es in der Veranstaltungs\u00fcbersicht.<\/p>\n","protected":false},"excerpt":{"rendered":"<p>Seit dem Jahr 2023 gibt es die Akademie Josua Stegmann. Sie hat das Ziel, relevante Informationen gut verst\u00e4ndlich in Form von Vortr\u00e4gen zu vermitteln. Diese Vortr\u00e4ge sind \u00f6ffentlich und f\u00fcr jedermann zug\u00e4nglich. Teilweise ist vorher eine Anmeldung erforderlich. Mehr Informationen dazu gibt es in der Veranstaltungs\u00fcbersicht.<\/p>\n","protected":false},"author":1,"featured_media":1349,"parent":1415,"menu_order":0,"comment_status":"closed","ping_status":"closed","template":"","meta":{"give_campaign_id":0,"inline_featured_image":false,"footnotes":""},"class_list":["post-1464","page","type-page","status-publish","has-post-thumbnail","hentry"],"yoast_head":"<!-- This site is optimized with the Yoast SEO plugin v27.4 - https:\/\/yoast.com\/product\/yoast-seo-wordpress\/ -->\n<title>Akademie - Diakonie Schaumburger Land gGmbH<\/title>\n<meta name=\"robots\" content=\"index, follow, max-snippet:-1, max-image-preview:large, max-video-preview:-1\" \/>\n<link rel=\"canonical\" href=\"https:\/\/diakonie-shg.de\/de-de\/leistungen\/akademie\/\" \/>\n<meta property=\"og:locale\" content=\"de_DE\" \/>\n<meta property=\"og:type\" content=\"article\" \/>\n<meta property=\"og:title\" content=\"Akademie - Diakonie Schaumburger Land gGmbH\" \/>\n<meta property=\"og:description\" content=\"Seit dem Jahr 2023 gibt es die Akademie Josua Stegmann. Sie hat das Ziel, relevante Informationen gut verst\u00e4ndlich in Form von Vortr\u00e4gen zu vermitteln. Diese Vortr\u00e4ge sind \u00f6ffentlich und f\u00fcr jedermann zug\u00e4nglich. Teilweise ist vorher eine Anmeldung erforderlich. Mehr Informationen dazu gibt es in der Veranstaltungs\u00fcbersicht.\" \/>\n<meta property=\"og:url\" content=\"https:\/\/diakonie-shg.de\/de-de\/leistungen\/akademie\/\" \/>\n<meta property=\"og:site_name\" content=\"Diakonie Schaumburger Land gGmbH\" \/>\n<meta property=\"article:modified_time\" content=\"2025-04-10T11:45:48+00:00\" \/>\n<meta property=\"og:image\" content=\"https:\/\/diakonie-shg.de\/wp-content\/uploads\/2024\/07\/seniorenquartier_js.jpg\" \/>\n\t<meta property=\"og:image:width\" content=\"1920\" \/>\n\t<meta property=\"og:image:height\" content=\"1280\" \/>\n\t<meta property=\"og:image:type\" content=\"image\/jpeg\" \/>\n<meta name=\"twitter:card\" content=\"summary_large_image\" \/>\n<meta name=\"twitter:label1\" content=\"Est. reading time\" \/>\n\t<meta name=\"twitter:data1\" content=\"3 minutes\" \/>\n<script type=\"application\/ld+json\" class=\"yoast-schema-graph\">{\"@context\":\"https:\\\/\\\/schema.org\",\"@graph\":[{\"@type\":\"WebPage\",\"@id\":\"https:\\\/\\\/diakonie-shg.de\\\/de-de\\\/leistungen\\\/akademie\\\/\",\"url\":\"https:\\\/\\\/diakonie-shg.de\\\/de-de\\\/leistungen\\\/akademie\\\/\",\"name\":\"Akademie - Diakonie Schaumburger Land gGmbH\",\"isPartOf\":{\"@id\":\"https:\\\/\\\/diakonie-shg.de\\\/de-de\\\/#website\"},\"primaryImageOfPage\":{\"@id\":\"https:\\\/\\\/diakonie-shg.de\\\/de-de\\\/leistungen\\\/akademie\\\/#primaryimage\"},\"image\":{\"@id\":\"https:\\\/\\\/diakonie-shg.de\\\/de-de\\\/leistungen\\\/akademie\\\/#primaryimage\"},\"thumbnailUrl\":\"https:\\\/\\\/diakonie-shg.de\\\/wp-content\\\/uploads\\\/2024\\\/07\\\/seniorenquartier_js.jpg\",\"datePublished\":\"2024-04-16T12:07:47+00:00\",\"dateModified\":\"2025-04-10T11:45:48+00:00\",\"breadcrumb\":{\"@id\":\"https:\\\/\\\/diakonie-shg.de\\\/de-de\\\/leistungen\\\/akademie\\\/#breadcrumb\"},\"inLanguage\":\"de-LE\",\"potentialAction\":[{\"@type\":\"ReadAction\",\"target\":[\"https:\\\/\\\/diakonie-shg.de\\\/de-de\\\/leistungen\\\/akademie\\\/\"]}]},{\"@type\":\"ImageObject\",\"inLanguage\":\"de-LE\",\"@id\":\"https:\\\/\\\/diakonie-shg.de\\\/de-de\\\/leistungen\\\/akademie\\\/#primaryimage\",\"url\":\"https:\\\/\\\/diakonie-shg.de\\\/wp-content\\\/uploads\\\/2024\\\/07\\\/seniorenquartier_js.jpg\",\"contentUrl\":\"https:\\\/\\\/diakonie-shg.de\\\/wp-content\\\/uploads\\\/2024\\\/07\\\/seniorenquartier_js.jpg\",\"width\":1920,\"height\":1280,\"caption\":\"begr\u00fcnter Innenhof des\"},{\"@type\":\"BreadcrumbList\",\"@id\":\"https:\\\/\\\/diakonie-shg.de\\\/de-de\\\/leistungen\\\/akademie\\\/#breadcrumb\",\"itemListElement\":[{\"@type\":\"ListItem\",\"position\":1,\"name\":\"Startseite\",\"item\":\"https:\\\/\\\/diakonie-shg.de\\\/de-de\\\/\"},{\"@type\":\"ListItem\",\"position\":2,\"name\":\"Leistungen\",\"item\":\"https:\\\/\\\/diakonie-shg.de\\\/de-de\\\/leistungen\\\/\"},{\"@type\":\"ListItem\",\"position\":3,\"name\":\"Akademie\"}]},{\"@type\":\"WebSite\",\"@id\":\"https:\\\/\\\/diakonie-shg.de\\\/de-de\\\/#website\",\"url\":\"https:\\\/\\\/diakonie-shg.de\\\/de-de\\\/\",\"name\":\"Diakonie Schaumburger Land gGmbH\",\"description\":\"Zusammenschluss von vier diakonischen Schaumburger Pflegeeinrichtungen\",\"publisher\":{\"@id\":\"https:\\\/\\\/diakonie-shg.de\\\/de-de\\\/#organization\"},\"potentialAction\":[{\"@type\":\"SearchAction\",\"target\":{\"@type\":\"EntryPoint\",\"urlTemplate\":\"https:\\\/\\\/diakonie-shg.de\\\/de-de\\\/?s={search_term_string}\"},\"query-input\":{\"@type\":\"PropertyValueSpecification\",\"valueRequired\":true,\"valueName\":\"search_term_string\"}}],\"inLanguage\":\"de-LE\"},{\"@type\":\"Organization\",\"@id\":\"https:\\\/\\\/diakonie-shg.de\\\/de-de\\\/#organization\",\"name\":\"Diakonie Schaumburger Land gGmbH\",\"url\":\"https:\\\/\\\/diakonie-shg.de\\\/de-de\\\/\",\"logo\":{\"@type\":\"ImageObject\",\"inLanguage\":\"de-LE\",\"@id\":\"https:\\\/\\\/diakonie-shg.de\\\/de-de\\\/#\\\/schema\\\/logo\\\/image\\\/\",\"url\":\"https:\\\/\\\/diakonie-shg.de\\\/wp-content\\\/uploads\\\/2024\\\/09\\\/20230105_Logo_Holding.svg\",\"contentUrl\":\"https:\\\/\\\/diakonie-shg.de\\\/wp-content\\\/uploads\\\/2024\\\/09\\\/20230105_Logo_Holding.svg\",\"width\":\"1024\",\"height\":\"1024\",\"caption\":\"Diakonie Schaumburger Land gGmbH\"},\"image\":{\"@id\":\"https:\\\/\\\/diakonie-shg.de\\\/de-de\\\/#\\\/schema\\\/logo\\\/image\\\/\"}}]}<\/script>\n<!-- \/ Yoast SEO plugin. -->","yoast_head_json":{"title":"Akademie - Diakonie Schaumburger Land gGmbH","robots":{"index":"index","follow":"follow","max-snippet":"max-snippet:-1","max-image-preview":"max-image-preview:large","max-video-preview":"max-video-preview:-1"},"canonical":"https:\/\/diakonie-shg.de\/de-de\/leistungen\/akademie\/","og_locale":"de_DE","og_type":"article","og_title":"Akademie - Diakonie Schaumburger Land gGmbH","og_description":"Seit dem Jahr 2023 gibt es die Akademie Josua Stegmann. Sie hat das Ziel, relevante Informationen gut verst\u00e4ndlich in Form von Vortr\u00e4gen zu vermitteln. Diese Vortr\u00e4ge sind \u00f6ffentlich und f\u00fcr jedermann zug\u00e4nglich. Teilweise ist vorher eine Anmeldung erforderlich. Mehr Informationen dazu gibt es in der Veranstaltungs\u00fcbersicht.","og_url":"https:\/\/diakonie-shg.de\/de-de\/leistungen\/akademie\/","og_site_name":"Diakonie Schaumburger Land gGmbH","article_modified_time":"2025-04-10T11:45:48+00:00","og_image":[{"width":1920,"height":1280,"url":"https:\/\/diakonie-shg.de\/wp-content\/uploads\/2024\/07\/seniorenquartier_js.jpg","type":"image\/jpeg"}],"twitter_card":"summary_large_image","twitter_misc":{"Est. reading time":"3 minutes"},"schema":{"@context":"https:\/\/schema.org","@graph":[{"@type":"WebPage","@id":"https:\/\/diakonie-shg.de\/de-de\/leistungen\/akademie\/","url":"https:\/\/diakonie-shg.de\/de-de\/leistungen\/akademie\/","name":"Akademie - Diakonie Schaumburger Land gGmbH","isPartOf":{"@id":"https:\/\/diakonie-shg.de\/de-de\/#website"},"primaryImageOfPage":{"@id":"https:\/\/diakonie-shg.de\/de-de\/leistungen\/akademie\/#primaryimage"},"image":{"@id":"https:\/\/diakonie-shg.de\/de-de\/leistungen\/akademie\/#primaryimage"},"thumbnailUrl":"https:\/\/diakonie-shg.de\/wp-content\/uploads\/2024\/07\/seniorenquartier_js.jpg","datePublished":"2024-04-16T12:07:47+00:00","dateModified":"2025-04-10T11:45:48+00:00","breadcrumb":{"@id":"https:\/\/diakonie-shg.de\/de-de\/leistungen\/akademie\/#breadcrumb"},"inLanguage":"de-LE","potentialAction":[{"@type":"ReadAction","target":["https:\/\/diakonie-shg.de\/de-de\/leistungen\/akademie\/"]}]},{"@type":"ImageObject","inLanguage":"de-LE","@id":"https:\/\/diakonie-shg.de\/de-de\/leistungen\/akademie\/#primaryimage","url":"https:\/\/diakonie-shg.de\/wp-content\/uploads\/2024\/07\/seniorenquartier_js.jpg","contentUrl":"https:\/\/diakonie-shg.de\/wp-content\/uploads\/2024\/07\/seniorenquartier_js.jpg","width":1920,"height":1280,"caption":"begr\u00fcnter Innenhof des"},{"@type":"BreadcrumbList","@id":"https:\/\/diakonie-shg.de\/de-de\/leistungen\/akademie\/#breadcrumb","itemListElement":[{"@type":"ListItem","position":1,"name":"Startseite","item":"https:\/\/diakonie-shg.de\/de-de\/"},{"@type":"ListItem","position":2,"name":"Leistungen","item":"https:\/\/diakonie-shg.de\/de-de\/leistungen\/"},{"@type":"ListItem","position":3,"name":"Akademie"}]},{"@type":"WebSite","@id":"https:\/\/diakonie-shg.de\/de-de\/#website","url":"https:\/\/diakonie-shg.de\/de-de\/","name":"Diakonie Schaumburger Land gGmbH","description":"Zusammenschluss von vier diakonischen Schaumburger Pflegeeinrichtungen","publisher":{"@id":"https:\/\/diakonie-shg.de\/de-de\/#organization"},"potentialAction":[{"@type":"SearchAction","target":{"@type":"EntryPoint","urlTemplate":"https:\/\/diakonie-shg.de\/de-de\/?s={search_term_string}"},"query-input":{"@type":"PropertyValueSpecification","valueRequired":true,"valueName":"search_term_string"}}],"inLanguage":"de-LE"},{"@type":"Organization","@id":"https:\/\/diakonie-shg.de\/de-de\/#organization","name":"Diakonie Schaumburger Land gGmbH","url":"https:\/\/diakonie-shg.de\/de-de\/","logo":{"@type":"ImageObject","inLanguage":"de-LE","@id":"https:\/\/diakonie-shg.de\/de-de\/#\/schema\/logo\/image\/","url":"https:\/\/diakonie-shg.de\/wp-content\/uploads\/2024\/09\/20230105_Logo_Holding.svg","contentUrl":"https:\/\/diakonie-shg.de\/wp-content\/uploads\/2024\/09\/20230105_Logo_Holding.svg","width":"1024","height":"1024","caption":"Diakonie Schaumburger Land gGmbH"},"image":{"@id":"https:\/\/diakonie-shg.de\/de-de\/#\/schema\/logo\/image\/"}}]}},"campaignId":"","_links":{"self":[{"href":"https:\/\/diakonie-shg.de\/de-de\/wp-json\/wp\/v2\/pages\/1464","targetHints":{"allow":["GET"]}}],"collection":[{"href":"https:\/\/diakonie-shg.de\/de-de\/wp-json\/wp\/v2\/pages"}],"about":[{"href":"https:\/\/diakonie-shg.de\/de-de\/wp-json\/wp\/v2\/types\/page"}],"author":[{"embeddable":true,"href":"https:\/\/diakonie-shg.de\/de-de\/wp-json\/wp\/v2\/users\/1"}],"replies":[{"embeddable":true,"href":"https:\/\/diakonie-shg.de\/de-de\/wp-json\/wp\/v2\/comments?post=1464"}],"version-history":[{"count":5,"href":"https:\/\/diakonie-shg.de\/de-de\/wp-json\/wp\/v2\/pages\/1464\/revisions"}],"predecessor-version":[{"id":5354,"href":"https:\/\/diakonie-shg.de\/de-de\/wp-json\/wp\/v2\/pages\/1464\/revisions\/5354"}],"up":[{"embeddable":true,"href":"https:\/\/diakonie-shg.de\/de-de\/wp-json\/wp\/v2\/pages\/1415"}],"wp:featuredmedia":[{"embeddable":true,"href":"https:\/\/diakonie-shg.de\/de-de\/wp-json\/wp\/v2\/media\/1349"}],"wp:attachment":[{"href":"https:\/\/diakonie-shg.de\/de-de\/wp-json\/wp\/v2\/media?parent=1464"}],"curies":[{"name":"wp","href":"https:\/\/api.w.org\/{rel}","templated":true}]}}